{"id":748,"date":"2022-02-09T12:22:54","date_gmt":"2022-02-09T11:22:54","guid":{"rendered":"https:\/\/hogtlagt.se\/faro\/?page_id=748"},"modified":"2025-10-23T08:50:51","modified_gmt":"2025-10-23T06:50:51","slug":"jobba-hos-oss","status":"publish","type":"page","link":"https:\/\/hogtlagt.se\/faro\/jobba-hos-oss\/","title":{"rendered":"Jobba hos oss"},"content":{"rendered":"\n<div class=\"wp-block-cover alignfull\" style=\"min-height:600px;aspect-ratio:unset;\"><img loading=\"lazy\" decoding=\"async\" width=\"2140\" height=\"1427\" class=\"wp-block-cover__image-background wp-image-1757\" alt=\"\" src=\"https:\/\/hogtlagt.se\/faro\/wp-content\/uploads\/sites\/22\/2023\/10\/Instrukto\u0308rLJUS-1.jpg\" data-object-fit=\"cover\" srcset=\"https:\/\/hogtlagt.se\/faro\/wp-content\/uploads\/sites\/22\/2023\/10\/Instrukto\u0308rLJUS-1.jpg 2140w, https:\/\/hogtlagt.se\/faro\/wp-content\/uploads\/sites\/22\/2023\/10\/Instrukto\u0308rLJUS-1-300x200.jpg 300w, https:\/\/hogtlagt.se\/faro\/wp-content\/uploads\/sites\/22\/2023\/10\/Instrukto\u0308rLJUS-1-1024x683.jpg 1024w, https:\/\/hogtlagt.se\/faro\/wp-content\/uploads\/sites\/22\/2023\/10\/Instrukto\u0308rLJUS-1-768x512.jpg 768w, https:\/\/hogtlagt.se\/faro\/wp-content\/uploads\/sites\/22\/2023\/10\/Instrukto\u0308rLJUS-1-1536x1024.jpg 1536w, https:\/\/hogtlagt.se\/faro\/wp-content\/uploads\/sites\/22\/2023\/10\/Instrukto\u0308rLJUS-1-2048x1366.jpg 2048w\" sizes=\"auto, (max-width: 2140px) 100vw, 2140px\" \/><span aria-hidden=\"true\" class=\"wp-block-cover__background has-background-dim-20 has-background-dim\"><\/span><div class=\"wp-block-cover__inner-container is-layout-flow wp-block-cover-is-layout-flow\">\n<h1 class=\"wp-block-heading has-text-align-center has-text-color\" style=\"color:#fdfefe;font-size:55px\">\u00c4r du n\u00e4sta stj\u00e4rna i teamet?<\/h1>\n<\/div><\/div>\n\n\n\n<div style=\"height:53px\" aria-hidden=\"true\" class=\"wp-block-spacer\"><\/div>\n\n\n\n<h5 class=\"wp-block-heading\">&nbsp;<\/h5>\n\n\n\n<div class=\"wp-block-columns is-layout-flex wp-container-core-columns-is-layout-28f84493 wp-block-columns-is-layout-flex\">\n<div class=\"wp-block-column is-layout-flow wp-block-column-is-layout-flow\">\n<p><strong>H\u00e4r nedan kan du l\u00e4sa mer om vad v\u00e4rldens roligaste sommarjobb inneb\u00e4r och vilka olika roller du kan ha i parken.<br>\u00c4r du intresserad av att bli en del av v\u00e5rt team? Skicka g\u00e4rna in en <strong>ans\u00f6kan f\u00f6r den roll du tycker passar dig b\u00e4st<\/strong>. Vi tar l\u00f6pande emot intresseanm\u00e4lningar inf\u00f6r v\u00e5ren och sommaren!<\/strong><\/p>\n<\/div>\n\n\n\n<div class=\"wp-block-column is-layout-flow wp-block-column-is-layout-flow\">\n<figure class=\"wp-block-image aligncenter size-large is-resized\"><img loading=\"lazy\" decoding=\"async\" width=\"799\" height=\"837\" src=\"https:\/\/hogtlagt.se\/faro\/wp-content\/uploads\/sites\/22\/2024\/01\/Group-1351.svg\" alt=\"\" class=\"wp-image-2004\" style=\"width:191px;height:auto\"\/><\/figure>\n<\/div>\n<\/div>\n\n\n\n<div style=\"height:96px\" aria-hidden=\"true\" class=\"wp-block-spacer\"><\/div>\n\n\n\n<div id=\"rounded-box-block_c20b754ae4510bbbc2d4c045310fb7c6\" class=\"rounded-box-block rounded-box has-background has-primary-background-color\">\n    <div class=\"rounded-box__inner image-right\">\n        <div class=\"acf-innerblocks-container\">\n\n<h2 class=\"wp-block-heading\"><strong>Att arbeta p\u00e5 H\u00f6gt &amp; L\u00e5gt F\u00e5r\u00f6<\/strong><\/h2>\n\n\n\n<p>Det b\u00e4sta vi vet \u00e4r n\u00e4r det kokar i parken. Solen skiner, glassen sm\u00e4lter och g\u00e4sterna \u00e4r glada, taggade och redo f\u00f6r \u00e4ventyr bland tr\u00e4dtopparna. F\u00f6r att leverera sommarens roligaste upplevelse beh\u00f6ver vi ett h\u00e4rligt g\u00e4ng som tillsammans guidar och st\u00f6ttar v\u00e5ra g\u00e4ster genom hela deras bes\u00f6k.<\/p>\n\n\n\n<p>Hos oss arbetar <strong>Instrukt\u00f6rer, R\u00e4ddningspersonal och Parkansvariga<\/strong>, tre roller med olika ansvar, men ett gemensamt m\u00e5l: att skapa en trygg, rolig och minnesv\u00e4rd dag f\u00f6r alla v\u00e5ra bes\u00f6kare.<\/p>\n\n\n\n<p>H\u00e4r kan du l\u00e4sa mer om vad de olika rollerna inneb\u00e4r:\u00a0<\/p>\n\n\n\n<h3 class=\"wp-block-heading\"><strong>Instrukt\u00f6r<\/strong><\/h3>\n\n\n\n<p>Som instrukt\u00f6r \u00e4r du en del av parkens hj\u00e4rta \u2013 du m\u00f6ter g\u00e4sterna, hj\u00e4lper till med incheckning och utrustning, h\u00e5ller s\u00e4kerhetsgenomg\u00e5ngar och ser till att alla f\u00e5r en trygg och rolig upplevelse i banorna. Det \u00e4r ett fartfyllt och socialt jobb d\u00e4r du har n\u00e4ra kontakt med b\u00e5de g\u00e4ster och kollegor. Du beh\u00f6ver ha fyllt <strong>16 \u00e5r<\/strong> f\u00f6r att arbeta som instrukt\u00f6r.\u00a0<\/p>\n\n\n\n<h3 class=\"wp-block-heading\">R\u00e4ddningspersonal<\/h3>\n\n\n\n<p>Som r\u00e4ddningspersonal har du ett extra ansvar f\u00f6r s\u00e4kerheten i parken. Du f\u00e5r utbildning i h\u00f6gh\u00f6jds-r\u00e4ddning hos oss och hj\u00e4lper g\u00e4ster som beh\u00f6ver assistans uppe i banorna. Ut\u00f6ver instrukt\u00f6rens uppgifter \u00f6vervakar du banorna, ser till att utrustningen anv\u00e4nds r\u00e4tt och rycker in vid behov. Rollen kr\u00e4ver trygghet, lugn och god probleml\u00f6sningsf\u00f6rm\u00e5ga, du \u00e4r den som h\u00e5ller huvudet kallt n\u00e4r det beh\u00f6vs som mest.<\/p>\n\n\n\n<p>F\u00f6r att arbeta som r\u00e4ddningspersonal beh\u00f6ver du ha fyllt <strong>18 \u00e5r<\/strong> och ha god fysisk f\u00f6rm\u00e5ga. Erfarenhet som instrukt\u00f6r \u00e4r en f\u00f6rdel men inte ett krav. \u00a0\u00a0<\/p>\n\n\n\n<h3 class=\"wp-block-heading\"><strong>Parkansvarig<\/strong><\/h3>\n\n\n\n<p>Det \u00e4r parkansvarig som ser till att det flyter p\u00e5 i parken varje dag, hen \u00e4r ansvarig f\u00f6r den dagliga driften. Det h\u00e4r \u00e4r en spindel i n\u00e4tet som ser till att alla kunder checkas in och selas p\u00e5 snabbt och s\u00e4kert av kunniga instrukt\u00f6rer, alla kollegorna f\u00e5r sin lunchrast och det finns alltid personal som patrullerar ute vid banorna. Parkansvarig hj\u00e4lper till d\u00e4r det beh\u00f6vs i alla delar av jobbet&nbsp;och \u00e4r inte r\u00e4dd att ta i och leda arbetet i parken.&nbsp;&nbsp;<\/p>\n\n\n\n<h3 class=\"wp-block-heading\"><strong>S\u00f6k jobb<\/strong><\/h3>\n\n\n\n<p>Vi \u00e4r framf\u00f6rallt en s\u00e4songsaktivitet d\u00e4r sommarlovet \u00e4r v\u00e5r h\u00f6gs\u00e4song, men vi \u00f6ppnar parken f\u00f6r allm\u00e4nheten redan i maj. Det inneb\u00e4r att vi vanligtvis genomf\u00f6r v\u00e5r rekrytering under februari-mars. <\/p>\n\n\n\n<p>Med det sagt \u00e4r du d\u00e4rut\u00f6ver varmt v\u00e4lkommen att skicka in en spontanans\u00f6kan om du tror att du \u00e4r den vi saknar och beh\u00f6ver i v\u00e5rt team! Mejla brev och CV till <a href=\"mailto:jobb@sudersand.se?subject=Jobba%20p\u00e5%20H\u00f6gt%20och%20l\u00e5gt\">jobb@sudersand.se<\/a><\/p>\n\n<\/div>\n                    <div class=\"rounded-box__img-wrapper\">\n                <img decoding=\"async\" class=\"rounded-box__img image-right\" src=\"https:\/\/hogtlagt.se\/faro\/wp-content\/uploads\/sites\/22\/2023\/10\/IMG_9813-scaled-e1697039751344.jpeg\" alt=\"\">\n            <\/div>\n            <\/div>\n<\/div>\n\n\n\n<div style=\"height:76px\" aria-hidden=\"true\" class=\"wp-block-spacer\"><\/div>\n\n\n\n<h2 class=\"wp-block-heading has-text-align-center\">Vad tycker v\u00e5ra medarbetare?<\/h2>\n\n\n\n<div class=\"wp-block-columns is-layout-flex wp-container-core-columns-is-layout-28f84493 wp-block-columns-is-layout-flex\">\n<div class=\"wp-block-column is-layout-flow wp-block-column-is-layout-flow\">\n<div id=\"rounded-box-block_0bf7b26a033092c82a494b76ba15c856\" class=\"rounded-box-block rounded-box has-background has-light-background-color\">\n    <div class=\"rounded-box__inner no-image\">\n        <div class=\"acf-innerblocks-container\">\n\n<figure class=\"wp-block-image size-full\"><img loading=\"lazy\" decoding=\"async\" width=\"462\" height=\"465\" src=\"https:\/\/hogtlagt.se\/faro\/wp-content\/uploads\/sites\/22\/2023\/10\/371807655_3588718348082463_897025885689938097_n-1.png\" alt=\"\" class=\"wp-image-1759\" srcset=\"https:\/\/hogtlagt.se\/faro\/wp-content\/uploads\/sites\/22\/2023\/10\/371807655_3588718348082463_897025885689938097_n-1.png 462w, https:\/\/hogtlagt.se\/faro\/wp-content\/uploads\/sites\/22\/2023\/10\/371807655_3588718348082463_897025885689938097_n-1-298x300.png 298w, https:\/\/hogtlagt.se\/faro\/wp-content\/uploads\/sites\/22\/2023\/10\/371807655_3588718348082463_897025885689938097_n-1-150x150.png 150w, https:\/\/hogtlagt.se\/faro\/wp-content\/uploads\/sites\/22\/2023\/10\/371807655_3588718348082463_897025885689938097_n-1-50x50.png 50w\" sizes=\"auto, (max-width: 462px) 100vw, 462px\" \/><\/figure>\n\n\n\n<div style=\"height:32px\" aria-hidden=\"true\" class=\"wp-block-spacer\"><\/div>\n\n\n\n<p><strong>Ylva Harengerd, <\/strong><br><strong>jobbar som Instrukt\u00f6r<\/strong><\/p>\n\n\n\n<p>Som instrukt\u00f6r jobbar jag n\u00e4ra g\u00e4sterna och \u00e4r alltid behj\u00e4lplig. Att jobba utomhus, med \u00e4ventyrliga kollegor och g\u00e4ster, g\u00f6r arbetet riktigt roligt. Det b\u00e4sta med jobbet \u00e4r den positiva st\u00e4mningen och att peppa g\u00e4ster att utmana sig sj\u00e4lva och \u00f6vervinna r\u00e4dslor. H\u00f6gt &amp; L\u00e5gt har utvecklat min pedagogiska f\u00f6rm\u00e5ga och f\u00e5tt mig att v\u00e5ga mer. Det var t.ex. en h\u00e4rlig k\u00e4nsla att ha genomf\u00f6rt s\u00e4kerhetsgenomg\u00e5ngen p\u00e5 engelska f\u00f6r f\u00f6rsta g\u00e5ngen eller att ledsaga barn genom banorna p\u00e5 n\u00e5got rostiga tyska-kunskaper.<\/p>\n\n<\/div>\n            <\/div>\n<\/div>\n<\/div>\n\n\n\n<div class=\"wp-block-column is-layout-flow wp-block-column-is-layout-flow\">\n<div id=\"rounded-box-block_0bf7b26a033092c82a494b76ba15c856\" class=\"rounded-box-block rounded-box has-background has-light-background-color\">\n    <div class=\"rounded-box__inner no-image\">\n        <div class=\"acf-innerblocks-container\">\n\n<figure class=\"wp-block-image size-full\"><img loading=\"lazy\" decoding=\"async\" width=\"1860\" height=\"1860\" src=\"https:\/\/hogtlagt.se\/faro\/wp-content\/uploads\/sites\/22\/2024\/08\/Group-1737-2.png\" alt=\"\" class=\"wp-image-2128\" srcset=\"https:\/\/hogtlagt.se\/faro\/wp-content\/uploads\/sites\/22\/2024\/08\/Group-1737-2.png 1860w, https:\/\/hogtlagt.se\/faro\/wp-content\/uploads\/sites\/22\/2024\/08\/Group-1737-2-300x300.png 300w, https:\/\/hogtlagt.se\/faro\/wp-content\/uploads\/sites\/22\/2024\/08\/Group-1737-2-1024x1024.png 1024w, https:\/\/hogtlagt.se\/faro\/wp-content\/uploads\/sites\/22\/2024\/08\/Group-1737-2-150x150.png 150w, https:\/\/hogtlagt.se\/faro\/wp-content\/uploads\/sites\/22\/2024\/08\/Group-1737-2-768x768.png 768w, https:\/\/hogtlagt.se\/faro\/wp-content\/uploads\/sites\/22\/2024\/08\/Group-1737-2-1536x1536.png 1536w, https:\/\/hogtlagt.se\/faro\/wp-content\/uploads\/sites\/22\/2024\/08\/Group-1737-2-50x50.png 50w\" sizes=\"auto, (max-width: 1860px) 100vw, 1860px\" \/><\/figure>\n\n\n\n<div style=\"height:30px\" aria-hidden=\"true\" class=\"wp-block-spacer\"><\/div>\n\n\n\n<p><strong>Simon Cederblad, <\/strong><br><strong>jobbar som R\u00e4ddningspersonal<\/strong><\/p>\n\n\n\n<p>Som r\u00e4ddare har jag f\u00e5tt g\u00f6ra lite av allt, fr\u00e5n att ta emot g\u00e4ster n\u00e4r de kommer till parken, till att h\u00e5lla genomg\u00e5ngar, till att hj\u00e4lpa g\u00e4ster i banorna, b\u00e5de fysiskt och muntligt. Efter en dag p\u00e5 jobbet k\u00e4nner man sig s\u00e5d\u00e4r h\u00e4rligt tr\u00f6tt, med en n\u00f6jdhetsk\u00e4nsla \u00f6ver allas upplevelser man har bidragit till. F\u00f6r mig \u00e4r just det ocks\u00e5 det b\u00e4sta med jobbet, k\u00e4nslan att man bidrar till att g\u00e4sterna har kul. P\u00e5 H&amp;L har jag l\u00e4rt mig olika s\u00e4tt att bem\u00f6ta m\u00e4nniskor i olika situationer och \u00e5ldrar f\u00f6r att de ska f\u00e5 en bra dag. S\u00e4songen har varit superh\u00e4rlig, med stimulerande arbetsuppgifter, fantastiska kollegor och trevliga g\u00e4ster.<\/p>\n\n<\/div>\n            <\/div>\n<\/div>\n<\/div>\n\n\n\n<div class=\"wp-block-column is-layout-flow wp-block-column-is-layout-flow\">\n<div id=\"rounded-box-block_0bf7b26a033092c82a494b76ba15c856\" class=\"rounded-box-block rounded-box has-background has-light-background-color\">\n    <div class=\"rounded-box__inner no-image\">\n        <div class=\"acf-innerblocks-container\">\n\n<figure class=\"wp-block-image size-full\"><img loading=\"lazy\" decoding=\"async\" width=\"465\" height=\"466\" src=\"https:\/\/hogtlagt.se\/faro\/wp-content\/uploads\/sites\/22\/2023\/10\/20230828_103134-1.png\" alt=\"\" class=\"wp-image-1761\" srcset=\"https:\/\/hogtlagt.se\/faro\/wp-content\/uploads\/sites\/22\/2023\/10\/20230828_103134-1.png 465w, https:\/\/hogtlagt.se\/faro\/wp-content\/uploads\/sites\/22\/2023\/10\/20230828_103134-1-300x300.png 300w, https:\/\/hogtlagt.se\/faro\/wp-content\/uploads\/sites\/22\/2023\/10\/20230828_103134-1-150x150.png 150w, https:\/\/hogtlagt.se\/faro\/wp-content\/uploads\/sites\/22\/2023\/10\/20230828_103134-1-50x50.png 50w\" sizes=\"auto, (max-width: 465px) 100vw, 465px\" \/><\/figure>\n\n\n\n<div style=\"height:28px\" aria-hidden=\"true\" class=\"wp-block-spacer\"><\/div>\n\n\n\n<p><strong>Vajken Isaksson &amp; Simon Karlsson, jobbar som Parkansvariga<\/strong><\/p>\n\n\n\n<p>Som parkansvariga f\u00e5r vi dagen att flyta p\u00e5. Vi har det \u00f6vergripande ansvaret f\u00f6r att driften fungerar, vilket kan inneb\u00e4ra allt fr\u00e5n att fatta beslut och l\u00f6sa problem till att ha h\u00e4rlig kontakt med g\u00e4ster och se till att personalen har en bra dag p\u00e5 jobb. Det roligaste med jobbet \u00e4r att det \u00e4r v\u00e4ldigt varierande arbetsuppgifter, det kr\u00e4vs att du \u00e4r initiativtagande och att det d\u00e5 alltid finns n\u00e5got att syssla med. I rollen har vi utvecklat v\u00e5rt ledarskap, l\u00e4rt oss f\u00f6rdelen med att jobba f\u00f6rebyggande och att alltid va p\u00e5 t\u00e5rna och ligga steget f\u00f6re.<\/p>\n\n<\/div>\n            <\/div>\n<\/div>\n<\/div>\n<\/div>\n\n\n\n<div style=\"height:121px\" aria-hidden=\"true\" class=\"wp-block-spacer\"><\/div>\n\n\n\n<div class=\"wp-block-cover alignfull is-light\" style=\"min-height:376px;aspect-ratio:unset;\"><img decoding=\"async\" class=\"wp-block-cover__image-background wp-image-1362\" alt=\"\" src=\"https:\/\/hogtlagt.se\/sundsvall\/wp-content\/uploads\/sites\/5\/2022\/02\/Hogt-Lagt-WEBB-1235.jpg\" style=\"object-position:50% 66%\" data-object-fit=\"cover\" data-object-position=\"50% 66%\"\/><span aria-hidden=\"true\" class=\"wp-block-cover__background has-background-dim\"><\/span><div class=\"wp-block-cover__inner-container is-layout-flow wp-block-cover-is-layout-flow\">\n<p class=\"has-text-align-center has-text-color\" style=\"color:#fdfefe;font-size:25px\"> Allt vi g\u00f6r genomsyras av v\u00e5ra grundl\u00e4ggande v\u00e4rden <em>Genomarbetat, S\u00e4kert, Innovativt, Inkluderande<\/em> och <em>Utmanande.<\/em> Vi \u00e4r drivna, vi arbetar h\u00e5rt, vi brinner f\u00f6r varje kunds upplevelse, vi \u00e4r med och utvecklar branschen och vi har j\u00e4kligt roligt medans vi g\u00f6r det!<\/p>\n\n\n\n<p>&nbsp;<\/p>\n<\/div><\/div>\n\n\n\n<div style=\"height:100px\" aria-hidden=\"true\" class=\"wp-block-spacer\"><\/div>\n","protected":false},"excerpt":{"rendered":"<p>&nbsp; H\u00e4r nedan kan du l\u00e4sa mer om vad v\u00e4rldens roligaste sommarjobb inneb\u00e4r och vilka olika roller du kan ha i parken.\u00c4r du intresserad av att bli en del av&#8230;<\/p>\n","protected":false},"author":6,"featured_media":0,"parent":0,"menu_order":0,"comment_status":"closed","ping_status":"closed","template":"templates\/empty.php","meta":{"_acf_changed":false,"inline_featured_image":false,"footnotes":""},"class_list":["post-748","page","type-page","status-publish"],"acf":[],"yoast_head":"<!-- This site is optimized with the Yoast SEO plugin v26.1.1 - https:\/\/yoast.com\/wordpress\/plugins\/seo\/ -->\n<title>Jobba hos oss - H\u00f6gt &amp; L\u00e5gt Gotland - F\u00e5r\u00f6<\/title>\n<meta name=\"robots\" content=\"index, follow, max-snippet:-1, max-image-preview:large, max-video-preview:-1\" \/>\n<link rel=\"canonical\" href=\"https:\/\/hogtlagt.se\/faro\/jobba-hos-oss\/\" \/>\n<meta property=\"og:locale\" content=\"sv_SE\" \/>\n<meta property=\"og:type\" content=\"article\" \/>\n<meta property=\"og:title\" content=\"Jobba hos oss - H\u00f6gt &amp; L\u00e5gt Gotland - F\u00e5r\u00f6\" \/>\n<meta property=\"og:description\" content=\"&nbsp; H\u00e4r nedan kan du l\u00e4sa mer om vad v\u00e4rldens roligaste sommarjobb inneb\u00e4r och vilka olika roller du kan ha i parken.\u00c4r du intresserad av att bli en del av...\" \/>\n<meta property=\"og:url\" content=\"https:\/\/hogtlagt.se\/faro\/jobba-hos-oss\/\" \/>\n<meta property=\"og:site_name\" content=\"H\u00f6gt &amp; L\u00e5gt Gotland - F\u00e5r\u00f6\" \/>\n<meta property=\"article:modified_time\" content=\"2025-10-23T06:50:51+00:00\" \/>\n<meta property=\"og:image\" content=\"https:\/\/hogtlagt.se\/faro\/wp-content\/uploads\/sites\/22\/2024\/01\/Group-1351.svg\" \/>\n<meta name=\"twitter:card\" content=\"summary_large_image\" \/>\n<meta name=\"twitter:label1\" content=\"Ber\u00e4knad l\u00e4stid\" \/>\n\t<meta name=\"twitter:data1\" content=\"6 minuter\" \/>\n<script type=\"application\/ld+json\" class=\"yoast-schema-graph\">{\"@context\":\"https:\/\/schema.org\",\"@graph\":[{\"@type\":\"WebPage\",\"@id\":\"https:\/\/hogtlagt.se\/faro\/jobba-hos-oss\/\",\"url\":\"https:\/\/hogtlagt.se\/faro\/jobba-hos-oss\/\",\"name\":\"Jobba hos oss - H\u00f6gt &amp; L\u00e5gt Gotland - F\u00e5r\u00f6\",\"isPartOf\":{\"@id\":\"https:\/\/hogtlagt.se\/faro\/#website\"},\"primaryImageOfPage\":{\"@id\":\"https:\/\/hogtlagt.se\/faro\/jobba-hos-oss\/#primaryimage\"},\"image\":{\"@id\":\"https:\/\/hogtlagt.se\/faro\/jobba-hos-oss\/#primaryimage\"},\"thumbnailUrl\":\"https:\/\/hogtlagt.se\/faro\/wp-content\/uploads\/sites\/22\/2024\/01\/Group-1351.svg\",\"datePublished\":\"2022-02-09T11:22:54+00:00\",\"dateModified\":\"2025-10-23T06:50:51+00:00\",\"breadcrumb\":{\"@id\":\"https:\/\/hogtlagt.se\/faro\/jobba-hos-oss\/#breadcrumb\"},\"inLanguage\":\"sv-SE\",\"potentialAction\":[{\"@type\":\"ReadAction\",\"target\":[\"https:\/\/hogtlagt.se\/faro\/jobba-hos-oss\/\"]}]},{\"@type\":\"ImageObject\",\"inLanguage\":\"sv-SE\",\"@id\":\"https:\/\/hogtlagt.se\/faro\/jobba-hos-oss\/#primaryimage\",\"url\":\"https:\/\/hogtlagt.se\/faro\/wp-content\/uploads\/sites\/22\/2024\/01\/Group-1351.svg\",\"contentUrl\":\"https:\/\/hogtlagt.se\/faro\/wp-content\/uploads\/sites\/22\/2024\/01\/Group-1351.svg\",\"width\":799,\"height\":837},{\"@type\":\"BreadcrumbList\",\"@id\":\"https:\/\/hogtlagt.se\/faro\/jobba-hos-oss\/#breadcrumb\",\"itemListElement\":[{\"@type\":\"ListItem\",\"position\":1,\"name\":\"Hem\",\"item\":\"https:\/\/hogtlagt.se\/faro\/\"},{\"@type\":\"ListItem\",\"position\":2,\"name\":\"Jobba hos oss\"}]},{\"@type\":\"WebSite\",\"@id\":\"https:\/\/hogtlagt.se\/faro\/#website\",\"url\":\"https:\/\/hogtlagt.se\/faro\/\",\"name\":\"H\u00f6gt &amp; L\u00e5gt Gotland - F\u00e5r\u00f6\",\"description\":\"\",\"potentialAction\":[{\"@type\":\"SearchAction\",\"target\":{\"@type\":\"EntryPoint\",\"urlTemplate\":\"https:\/\/hogtlagt.se\/faro\/?s={search_term_string}\"},\"query-input\":{\"@type\":\"PropertyValueSpecification\",\"valueRequired\":true,\"valueName\":\"search_term_string\"}}],\"inLanguage\":\"sv-SE\"}]}<\/script>\n<!-- \/ Yoast SEO plugin. -->","yoast_head_json":{"title":"Jobba hos oss - H\u00f6gt &amp; L\u00e5gt Gotland - F\u00e5r\u00f6","robots":{"index":"index","follow":"follow","max-snippet":"max-snippet:-1","max-image-preview":"max-image-preview:large","max-video-preview":"max-video-preview:-1"},"canonical":"https:\/\/hogtlagt.se\/faro\/jobba-hos-oss\/","og_locale":"sv_SE","og_type":"article","og_title":"Jobba hos oss - H\u00f6gt &amp; L\u00e5gt Gotland - F\u00e5r\u00f6","og_description":"&nbsp; H\u00e4r nedan kan du l\u00e4sa mer om vad v\u00e4rldens roligaste sommarjobb inneb\u00e4r och vilka olika roller du kan ha i parken.\u00c4r du intresserad av att bli en del av...","og_url":"https:\/\/hogtlagt.se\/faro\/jobba-hos-oss\/","og_site_name":"H\u00f6gt &amp; L\u00e5gt Gotland - F\u00e5r\u00f6","article_modified_time":"2025-10-23T06:50:51+00:00","og_image":[{"url":"https:\/\/hogtlagt.se\/faro\/wp-content\/uploads\/sites\/22\/2024\/01\/Group-1351.svg","type":"","width":"","height":""}],"twitter_card":"summary_large_image","twitter_misc":{"Ber\u00e4knad l\u00e4stid":"6 minuter"},"schema":{"@context":"https:\/\/schema.org","@graph":[{"@type":"WebPage","@id":"https:\/\/hogtlagt.se\/faro\/jobba-hos-oss\/","url":"https:\/\/hogtlagt.se\/faro\/jobba-hos-oss\/","name":"Jobba hos oss - H\u00f6gt &amp; L\u00e5gt Gotland - F\u00e5r\u00f6","isPartOf":{"@id":"https:\/\/hogtlagt.se\/faro\/#website"},"primaryImageOfPage":{"@id":"https:\/\/hogtlagt.se\/faro\/jobba-hos-oss\/#primaryimage"},"image":{"@id":"https:\/\/hogtlagt.se\/faro\/jobba-hos-oss\/#primaryimage"},"thumbnailUrl":"https:\/\/hogtlagt.se\/faro\/wp-content\/uploads\/sites\/22\/2024\/01\/Group-1351.svg","datePublished":"2022-02-09T11:22:54+00:00","dateModified":"2025-10-23T06:50:51+00:00","breadcrumb":{"@id":"https:\/\/hogtlagt.se\/faro\/jobba-hos-oss\/#breadcrumb"},"inLanguage":"sv-SE","potentialAction":[{"@type":"ReadAction","target":["https:\/\/hogtlagt.se\/faro\/jobba-hos-oss\/"]}]},{"@type":"ImageObject","inLanguage":"sv-SE","@id":"https:\/\/hogtlagt.se\/faro\/jobba-hos-oss\/#primaryimage","url":"https:\/\/hogtlagt.se\/faro\/wp-content\/uploads\/sites\/22\/2024\/01\/Group-1351.svg","contentUrl":"https:\/\/hogtlagt.se\/faro\/wp-content\/uploads\/sites\/22\/2024\/01\/Group-1351.svg","width":799,"height":837},{"@type":"BreadcrumbList","@id":"https:\/\/hogtlagt.se\/faro\/jobba-hos-oss\/#breadcrumb","itemListElement":[{"@type":"ListItem","position":1,"name":"Hem","item":"https:\/\/hogtlagt.se\/faro\/"},{"@type":"ListItem","position":2,"name":"Jobba hos oss"}]},{"@type":"WebSite","@id":"https:\/\/hogtlagt.se\/faro\/#website","url":"https:\/\/hogtlagt.se\/faro\/","name":"H\u00f6gt &amp; L\u00e5gt Gotland - F\u00e5r\u00f6","description":"","potentialAction":[{"@type":"SearchAction","target":{"@type":"EntryPoint","urlTemplate":"https:\/\/hogtlagt.se\/faro\/?s={search_term_string}"},"query-input":{"@type":"PropertyValueSpecification","valueRequired":true,"valueName":"search_term_string"}}],"inLanguage":"sv-SE"}]}},"_links":{"self":[{"href":"https:\/\/hogtlagt.se\/faro\/wp-json\/wp\/v2\/pages\/748","targetHints":{"allow":["GET"]}}],"collection":[{"href":"https:\/\/hogtlagt.se\/faro\/wp-json\/wp\/v2\/pages"}],"about":[{"href":"https:\/\/hogtlagt.se\/faro\/wp-json\/wp\/v2\/types\/page"}],"author":[{"embeddable":true,"href":"https:\/\/hogtlagt.se\/faro\/wp-json\/wp\/v2\/users\/6"}],"replies":[{"embeddable":true,"href":"https:\/\/hogtlagt.se\/faro\/wp-json\/wp\/v2\/comments?post=748"}],"version-history":[{"count":54,"href":"https:\/\/hogtlagt.se\/faro\/wp-json\/wp\/v2\/pages\/748\/revisions"}],"predecessor-version":[{"id":2404,"href":"https:\/\/hogtlagt.se\/faro\/wp-json\/wp\/v2\/pages\/748\/revisions\/2404"}],"wp:attachment":[{"href":"https:\/\/hogtlagt.se\/faro\/wp-json\/wp\/v2\/media?parent=748"}],"curies":[{"name":"wp","href":"https:\/\/api.w.org\/{rel}","templated":true}]}}