{"id":634,"date":"2021-12-09T08:54:11","date_gmt":"2021-12-09T07:54:11","guid":{"rendered":"https:\/\/hogtlagt.se\/faro\/?page_id=634"},"modified":"2025-10-23T10:12:41","modified_gmt":"2025-10-23T08:12:41","slug":"other-activities","status":"publish","type":"page","link":"https:\/\/hogtlagt.se\/faro\/en\/the-climbing-park\/other-activities\/","title":{"rendered":"Other Activities"},"content":{"rendered":"\n<div class=\"wp-block-cover alignfull\" style=\"min-height:600px;aspect-ratio:unset;\"><img loading=\"lazy\" decoding=\"async\" width=\"2560\" height=\"1707\" class=\"wp-block-cover__image-background wp-image-1824\" alt=\"\" src=\"https:\/\/hogtlagt.se\/faro\/wp-content\/uploads\/sites\/22\/2023\/10\/Andra-aktiviteter-1-scaled.jpg\" data-object-fit=\"cover\" srcset=\"https:\/\/hogtlagt.se\/faro\/wp-content\/uploads\/sites\/22\/2023\/10\/Andra-aktiviteter-1-scaled.jpg 2560w, https:\/\/hogtlagt.se\/faro\/wp-content\/uploads\/sites\/22\/2023\/10\/Andra-aktiviteter-1-300x200.jpg 300w, https:\/\/hogtlagt.se\/faro\/wp-content\/uploads\/sites\/22\/2023\/10\/Andra-aktiviteter-1-1024x683.jpg 1024w, https:\/\/hogtlagt.se\/faro\/wp-content\/uploads\/sites\/22\/2023\/10\/Andra-aktiviteter-1-768x512.jpg 768w, https:\/\/hogtlagt.se\/faro\/wp-content\/uploads\/sites\/22\/2023\/10\/Andra-aktiviteter-1-1536x1024.jpg 1536w, https:\/\/hogtlagt.se\/faro\/wp-content\/uploads\/sites\/22\/2023\/10\/Andra-aktiviteter-1-2048x1365.jpg 2048w\" sizes=\"auto, (max-width: 2560px) 100vw, 2560px\" \/><span aria-hidden=\"true\" class=\"wp-block-cover__background has-background-dim-10 has-background-dim\"><\/span><div class=\"wp-block-cover__inner-container has-global-padding is-layout-constrained wp-block-cover-is-layout-constrained\">\n<h2 class=\"wp-block-heading has-text-align-center\" style=\"font-size:55px\">Other activities<\/h2>\n<\/div><\/div>\n\n\n\n<div style=\"height:100px\" aria-hidden=\"true\" class=\"wp-block-spacer\"><\/div>\n\n\n\n<div class=\"wp-block-columns is-layout-flex wp-container-core-columns-is-layout-28f84493 wp-block-columns-is-layout-flex\">\n<div class=\"wp-block-column is-layout-flow wp-block-column-is-layout-flow\">\n<h3 class=\"wp-block-heading has-text-align-center\">There are plenty of fun acitivities to do on F\u00e5r\u00f6 and Sudersand Resort.<\/h3>\n\n\n\n<div style=\"height:54px\" aria-hidden=\"true\" class=\"wp-block-spacer\"><\/div>\n\n\n\n<p class=\"has-text-align-center\">Check <a href=\"https:\/\/www.sudersand.se\/en\/our-facility\/\" target=\"_blank\" rel=\"noreferrer noopener\">here<\/a> for inspiration and information!<\/p>\n<\/div>\n<\/div>\n\n\n\n<div style=\"height:100px\" aria-hidden=\"true\" class=\"wp-block-spacer\"><\/div>\n\n\n\n<figure class=\"wp-block-image aligncenter size-full\"><img loading=\"lazy\" decoding=\"async\" width=\"2048\" height=\"1365\" src=\"https:\/\/hogtlagt.se\/faro\/wp-content\/uploads\/sites\/22\/2025\/09\/Hogt-Lagt-WEBB-1579.jpg\" alt=\"\" class=\"wp-image-2227\" srcset=\"https:\/\/hogtlagt.se\/faro\/wp-content\/uploads\/sites\/22\/2025\/09\/Hogt-Lagt-WEBB-1579.jpg 2048w, https:\/\/hogtlagt.se\/faro\/wp-content\/uploads\/sites\/22\/2025\/09\/Hogt-Lagt-WEBB-1579-300x200.jpg 300w, https:\/\/hogtlagt.se\/faro\/wp-content\/uploads\/sites\/22\/2025\/09\/Hogt-Lagt-WEBB-1579-1024x683.jpg 1024w, https:\/\/hogtlagt.se\/faro\/wp-content\/uploads\/sites\/22\/2025\/09\/Hogt-Lagt-WEBB-1579-768x512.jpg 768w, https:\/\/hogtlagt.se\/faro\/wp-content\/uploads\/sites\/22\/2025\/09\/Hogt-Lagt-WEBB-1579-1536x1024.jpg 1536w\" sizes=\"auto, (max-width: 2048px) 100vw, 2048px\" \/><figcaption class=\"wp-element-caption\">20200607 H\u00f6gt &amp; L\u00e5gt i Karlstad.\rFoto: Fredrik Karlsson\/SolstaFoto<\/figcaption><\/figure>\n\n\n\n<div style=\"height:100px\" aria-hidden=\"true\" class=\"wp-block-spacer\"><\/div>\n\n\n\n<div class=\"wp-block-cover alignfull\" style=\"min-height:376px;aspect-ratio:unset;\"><img loading=\"lazy\" decoding=\"async\" width=\"2048\" height=\"1365\" class=\"wp-block-cover__image-background wp-image-1934\" alt=\"\" src=\"https:\/\/hogtlagt.se\/faro\/wp-content\/uploads\/sites\/22\/2023\/12\/Hogt-Lagt-WEBB-1235.jpg\" style=\"object-position:50% 66%\" data-object-fit=\"cover\" data-object-position=\"50% 66%\" srcset=\"https:\/\/hogtlagt.se\/faro\/wp-content\/uploads\/sites\/22\/2023\/12\/Hogt-Lagt-WEBB-1235.jpg 2048w, https:\/\/hogtlagt.se\/faro\/wp-content\/uploads\/sites\/22\/2023\/12\/Hogt-Lagt-WEBB-1235-300x200.jpg 300w, https:\/\/hogtlagt.se\/faro\/wp-content\/uploads\/sites\/22\/2023\/12\/Hogt-Lagt-WEBB-1235-1024x683.jpg 1024w, https:\/\/hogtlagt.se\/faro\/wp-content\/uploads\/sites\/22\/2023\/12\/Hogt-Lagt-WEBB-1235-768x512.jpg 768w, https:\/\/hogtlagt.se\/faro\/wp-content\/uploads\/sites\/22\/2023\/12\/Hogt-Lagt-WEBB-1235-1536x1024.jpg 1536w\" sizes=\"auto, (max-width: 2048px) 100vw, 2048px\" \/><span aria-hidden=\"true\" class=\"wp-block-cover__background has-background-dim\"><\/span><div class=\"wp-block-cover__inner-container has-global-padding is-layout-constrained wp-block-cover-is-layout-constrained\">\n<p class=\"has-text-align-center\" style=\"font-size:25px\">Everything we do stems from our fundamental values&nbsp;<em>Thorough, Safe, Innovative, Including<\/em>&nbsp;and&nbsp;<em>Challenging<\/em>. We are passionate, we work hard, we care about the experience of each single visitor, we take part in the development of this industry and we have SO much fun along the way!<\/p>\n<\/div><\/div>\n","protected":false},"excerpt":{"rendered":"<p>There are plenty of fun acitivities to do on F\u00e5r\u00f6 and Sudersand Resort. Check here for inspiration and information!<\/p>\n","protected":false},"author":6,"featured_media":149,"parent":617,"menu_order":4,"comment_status":"closed","ping_status":"closed","template":"templates\/empty.php","meta":{"_acf_changed":false,"inline_featured_image":false,"footnotes":""},"class_list":["post-634","page","type-page","status-publish","has-post-thumbnail"],"acf":[],"yoast_head":"<!-- This site is optimized with the Yoast SEO plugin v26.1.1 - https:\/\/yoast.com\/wordpress\/plugins\/seo\/ -->\n<title>Other Activities - H\u00f6gt &amp; L\u00e5gt Gotland - F\u00e5r\u00f6<\/title>\n<meta name=\"description\" content=\"Spa, Jacuzzi och swimingpool hittar du vid en\u00e5badet, \u00e4ven kanotuthyrning, trampbil, minigolf. R\u00e4ttviks bowling &amp; krog ligger ocks\u00e5 r\u00e4tt intill.\" \/>\n<meta name=\"robots\" content=\"index, follow, max-snippet:-1, max-image-preview:large, max-video-preview:-1\" \/>\n<link rel=\"canonical\" href=\"https:\/\/hogtlagt.se\/faro\/en\/the-climbing-park\/other-activities\/\" \/>\n<meta property=\"og:locale\" content=\"sv_SE\" \/>\n<meta property=\"og:type\" content=\"article\" \/>\n<meta property=\"og:title\" content=\"Other Activities - H\u00f6gt &amp; L\u00e5gt Gotland - F\u00e5r\u00f6\" \/>\n<meta property=\"og:description\" content=\"Spa, Jacuzzi och swimingpool hittar du vid en\u00e5badet, \u00e4ven kanotuthyrning, trampbil, minigolf. R\u00e4ttviks bowling &amp; krog ligger ocks\u00e5 r\u00e4tt intill.\" \/>\n<meta property=\"og:url\" content=\"https:\/\/hogtlagt.se\/faro\/en\/the-climbing-park\/other-activities\/\" \/>\n<meta property=\"og:site_name\" content=\"H\u00f6gt &amp; L\u00e5gt Gotland - F\u00e5r\u00f6\" \/>\n<meta property=\"article:modified_time\" content=\"2025-10-23T08:12:41+00:00\" \/>\n<meta property=\"og:image\" content=\"https:\/\/hogtlagt.se\/faro\/wp-content\/uploads\/sites\/22\/2020\/03\/i-ro\u0308d-badring.jpg\" \/>\n\t<meta property=\"og:image:width\" content=\"700\" \/>\n\t<meta property=\"og:image:height\" content=\"500\" \/>\n\t<meta property=\"og:image:type\" content=\"image\/jpeg\" \/>\n<meta name=\"twitter:card\" content=\"summary_large_image\" \/>\n<meta name=\"twitter:label1\" content=\"Ber\u00e4knad l\u00e4stid\" \/>\n\t<meta name=\"twitter:data1\" content=\"1 minut\" \/>\n<script type=\"application\/ld+json\" class=\"yoast-schema-graph\">{\"@context\":\"https:\/\/schema.org\",\"@graph\":[{\"@type\":\"WebPage\",\"@id\":\"https:\/\/hogtlagt.se\/faro\/en\/the-climbing-park\/other-activities\/\",\"url\":\"https:\/\/hogtlagt.se\/faro\/en\/the-climbing-park\/other-activities\/\",\"name\":\"Other Activities - H\u00f6gt &amp; L\u00e5gt Gotland - F\u00e5r\u00f6\",\"isPartOf\":{\"@id\":\"https:\/\/hogtlagt.se\/faro\/#website\"},\"primaryImageOfPage\":{\"@id\":\"https:\/\/hogtlagt.se\/faro\/en\/the-climbing-park\/other-activities\/#primaryimage\"},\"image\":{\"@id\":\"https:\/\/hogtlagt.se\/faro\/en\/the-climbing-park\/other-activities\/#primaryimage\"},\"thumbnailUrl\":\"https:\/\/hogtlagt.se\/faro\/wp-content\/uploads\/sites\/22\/2020\/03\/i-ro\u0308d-badring.jpg\",\"datePublished\":\"2021-12-09T07:54:11+00:00\",\"dateModified\":\"2025-10-23T08:12:41+00:00\",\"description\":\"Spa, Jacuzzi och swimingpool hittar du vid en\u00e5badet, \u00e4ven kanotuthyrning, trampbil, minigolf. R\u00e4ttviks bowling & krog ligger ocks\u00e5 r\u00e4tt intill.\",\"breadcrumb\":{\"@id\":\"https:\/\/hogtlagt.se\/faro\/en\/the-climbing-park\/other-activities\/#breadcrumb\"},\"inLanguage\":\"sv-SE\",\"potentialAction\":[{\"@type\":\"ReadAction\",\"target\":[\"https:\/\/hogtlagt.se\/faro\/en\/the-climbing-park\/other-activities\/\"]}]},{\"@type\":\"ImageObject\",\"inLanguage\":\"sv-SE\",\"@id\":\"https:\/\/hogtlagt.se\/faro\/en\/the-climbing-park\/other-activities\/#primaryimage\",\"url\":\"https:\/\/hogtlagt.se\/faro\/wp-content\/uploads\/sites\/22\/2020\/03\/i-ro\u0308d-badring.jpg\",\"contentUrl\":\"https:\/\/hogtlagt.se\/faro\/wp-content\/uploads\/sites\/22\/2020\/03\/i-ro\u0308d-badring.jpg\",\"width\":700,\"height\":500},{\"@type\":\"BreadcrumbList\",\"@id\":\"https:\/\/hogtlagt.se\/faro\/en\/the-climbing-park\/other-activities\/#breadcrumb\",\"itemListElement\":[{\"@type\":\"ListItem\",\"position\":1,\"name\":\"Hem\",\"item\":\"https:\/\/hogtlagt.se\/faro\/\"},{\"@type\":\"ListItem\",\"position\":2,\"name\":\"The Climbing park\",\"item\":\"https:\/\/hogtlagt.se\/faro\/en\/the-climbing-park\/\"},{\"@type\":\"ListItem\",\"position\":3,\"name\":\"Other Activities\"}]},{\"@type\":\"WebSite\",\"@id\":\"https:\/\/hogtlagt.se\/faro\/#website\",\"url\":\"https:\/\/hogtlagt.se\/faro\/\",\"name\":\"H\u00f6gt &amp; L\u00e5gt Gotland - F\u00e5r\u00f6\",\"description\":\"\",\"potentialAction\":[{\"@type\":\"SearchAction\",\"target\":{\"@type\":\"EntryPoint\",\"urlTemplate\":\"https:\/\/hogtlagt.se\/faro\/?s={search_term_string}\"},\"query-input\":{\"@type\":\"PropertyValueSpecification\",\"valueRequired\":true,\"valueName\":\"search_term_string\"}}],\"inLanguage\":\"sv-SE\"}]}<\/script>\n<!-- \/ Yoast SEO plugin. -->","yoast_head_json":{"title":"Other Activities - H\u00f6gt &amp; L\u00e5gt Gotland - F\u00e5r\u00f6","description":"Spa, Jacuzzi och swimingpool hittar du vid en\u00e5badet, \u00e4ven kanotuthyrning, trampbil, minigolf. R\u00e4ttviks bowling & krog ligger ocks\u00e5 r\u00e4tt intill.","robots":{"index":"index","follow":"follow","max-snippet":"max-snippet:-1","max-image-preview":"max-image-preview:large","max-video-preview":"max-video-preview:-1"},"canonical":"https:\/\/hogtlagt.se\/faro\/en\/the-climbing-park\/other-activities\/","og_locale":"sv_SE","og_type":"article","og_title":"Other Activities - H\u00f6gt &amp; L\u00e5gt Gotland - F\u00e5r\u00f6","og_description":"Spa, Jacuzzi och swimingpool hittar du vid en\u00e5badet, \u00e4ven kanotuthyrning, trampbil, minigolf. R\u00e4ttviks bowling & krog ligger ocks\u00e5 r\u00e4tt intill.","og_url":"https:\/\/hogtlagt.se\/faro\/en\/the-climbing-park\/other-activities\/","og_site_name":"H\u00f6gt &amp; L\u00e5gt Gotland - F\u00e5r\u00f6","article_modified_time":"2025-10-23T08:12:41+00:00","og_image":[{"width":700,"height":500,"url":"https:\/\/hogtlagt.se\/faro\/wp-content\/uploads\/sites\/22\/2020\/03\/i-ro\u0308d-badring.jpg","type":"image\/jpeg"}],"twitter_card":"summary_large_image","twitter_misc":{"Ber\u00e4knad l\u00e4stid":"1 minut"},"schema":{"@context":"https:\/\/schema.org","@graph":[{"@type":"WebPage","@id":"https:\/\/hogtlagt.se\/faro\/en\/the-climbing-park\/other-activities\/","url":"https:\/\/hogtlagt.se\/faro\/en\/the-climbing-park\/other-activities\/","name":"Other Activities - H\u00f6gt &amp; L\u00e5gt Gotland - F\u00e5r\u00f6","isPartOf":{"@id":"https:\/\/hogtlagt.se\/faro\/#website"},"primaryImageOfPage":{"@id":"https:\/\/hogtlagt.se\/faro\/en\/the-climbing-park\/other-activities\/#primaryimage"},"image":{"@id":"https:\/\/hogtlagt.se\/faro\/en\/the-climbing-park\/other-activities\/#primaryimage"},"thumbnailUrl":"https:\/\/hogtlagt.se\/faro\/wp-content\/uploads\/sites\/22\/2020\/03\/i-ro\u0308d-badring.jpg","datePublished":"2021-12-09T07:54:11+00:00","dateModified":"2025-10-23T08:12:41+00:00","description":"Spa, Jacuzzi och swimingpool hittar du vid en\u00e5badet, \u00e4ven kanotuthyrning, trampbil, minigolf. R\u00e4ttviks bowling & krog ligger ocks\u00e5 r\u00e4tt intill.","breadcrumb":{"@id":"https:\/\/hogtlagt.se\/faro\/en\/the-climbing-park\/other-activities\/#breadcrumb"},"inLanguage":"sv-SE","potentialAction":[{"@type":"ReadAction","target":["https:\/\/hogtlagt.se\/faro\/en\/the-climbing-park\/other-activities\/"]}]},{"@type":"ImageObject","inLanguage":"sv-SE","@id":"https:\/\/hogtlagt.se\/faro\/en\/the-climbing-park\/other-activities\/#primaryimage","url":"https:\/\/hogtlagt.se\/faro\/wp-content\/uploads\/sites\/22\/2020\/03\/i-ro\u0308d-badring.jpg","contentUrl":"https:\/\/hogtlagt.se\/faro\/wp-content\/uploads\/sites\/22\/2020\/03\/i-ro\u0308d-badring.jpg","width":700,"height":500},{"@type":"BreadcrumbList","@id":"https:\/\/hogtlagt.se\/faro\/en\/the-climbing-park\/other-activities\/#breadcrumb","itemListElement":[{"@type":"ListItem","position":1,"name":"Hem","item":"https:\/\/hogtlagt.se\/faro\/"},{"@type":"ListItem","position":2,"name":"The Climbing park","item":"https:\/\/hogtlagt.se\/faro\/en\/the-climbing-park\/"},{"@type":"ListItem","position":3,"name":"Other Activities"}]},{"@type":"WebSite","@id":"https:\/\/hogtlagt.se\/faro\/#website","url":"https:\/\/hogtlagt.se\/faro\/","name":"H\u00f6gt &amp; L\u00e5gt Gotland - F\u00e5r\u00f6","description":"","potentialAction":[{"@type":"SearchAction","target":{"@type":"EntryPoint","urlTemplate":"https:\/\/hogtlagt.se\/faro\/?s={search_term_string}"},"query-input":{"@type":"PropertyValueSpecification","valueRequired":true,"valueName":"search_term_string"}}],"inLanguage":"sv-SE"}]}},"_links":{"self":[{"href":"https:\/\/hogtlagt.se\/faro\/wp-json\/wp\/v2\/pages\/634","targetHints":{"allow":["GET"]}}],"collection":[{"href":"https:\/\/hogtlagt.se\/faro\/wp-json\/wp\/v2\/pages"}],"about":[{"href":"https:\/\/hogtlagt.se\/faro\/wp-json\/wp\/v2\/types\/page"}],"author":[{"embeddable":true,"href":"https:\/\/hogtlagt.se\/faro\/wp-json\/wp\/v2\/users\/6"}],"replies":[{"embeddable":true,"href":"https:\/\/hogtlagt.se\/faro\/wp-json\/wp\/v2\/comments?post=634"}],"version-history":[{"count":7,"href":"https:\/\/hogtlagt.se\/faro\/wp-json\/wp\/v2\/pages\/634\/revisions"}],"predecessor-version":[{"id":2379,"href":"https:\/\/hogtlagt.se\/faro\/wp-json\/wp\/v2\/pages\/634\/revisions\/2379"}],"up":[{"embeddable":true,"href":"https:\/\/hogtlagt.se\/faro\/wp-json\/wp\/v2\/pages\/617"}],"wp:featuredmedia":[{"embeddable":true,"href":"https:\/\/hogtlagt.se\/faro\/wp-json\/wp\/v2\/media\/149"}],"wp:attachment":[{"href":"https:\/\/hogtlagt.se\/faro\/wp-json\/wp\/v2\/media?parent=634"}],"curies":[{"name":"wp","href":"https:\/\/api.w.org\/{rel}","templated":true}]}}