{"id":26,"date":"2020-02-28T12:47:34","date_gmt":"2020-02-28T11:47:34","guid":{"rendered":"http:\/\/hogtlagt.se.hemsida.eu\/rattvik\/?page_id=26"},"modified":"2025-10-20T11:54:04","modified_gmt":"2025-10-20T09:54:04","slug":"vagbeskrivning","status":"publish","type":"page","link":"https:\/\/hogtlagt.se\/faro\/infor-besoket\/vagbeskrivning\/","title":{"rendered":"V\u00e4gbeskrivning till Kl\u00e4tterparken p\u00e5 F\u00e5r\u00f6"},"content":{"rendered":"\n<div class=\"wp-block-cover alignfull\" style=\"min-height:600px;aspect-ratio:unset;\"><img loading=\"lazy\" decoding=\"async\" width=\"2560\" height=\"1920\" class=\"wp-block-cover__image-background wp-image-1800\" alt=\"\" src=\"https:\/\/hogtlagt.se\/faro\/wp-content\/uploads\/sites\/22\/2023\/10\/Va\u0308gbeskrivning-scaled.jpg\" style=\"object-position:52% 74%\" data-object-fit=\"cover\" data-object-position=\"52% 74%\" srcset=\"https:\/\/hogtlagt.se\/faro\/wp-content\/uploads\/sites\/22\/2023\/10\/Va\u0308gbeskrivning-scaled.jpg 2560w, https:\/\/hogtlagt.se\/faro\/wp-content\/uploads\/sites\/22\/2023\/10\/Va\u0308gbeskrivning-300x225.jpg 300w, https:\/\/hogtlagt.se\/faro\/wp-content\/uploads\/sites\/22\/2023\/10\/Va\u0308gbeskrivning-1024x768.jpg 1024w, https:\/\/hogtlagt.se\/faro\/wp-content\/uploads\/sites\/22\/2023\/10\/Va\u0308gbeskrivning-768x576.jpg 768w, https:\/\/hogtlagt.se\/faro\/wp-content\/uploads\/sites\/22\/2023\/10\/Va\u0308gbeskrivning-1536x1152.jpg 1536w, https:\/\/hogtlagt.se\/faro\/wp-content\/uploads\/sites\/22\/2023\/10\/Va\u0308gbeskrivning-2048x1536.jpg 2048w\" sizes=\"auto, (max-width: 2560px) 100vw, 2560px\" \/><span aria-hidden=\"true\" class=\"wp-block-cover__background has-background-dim-20 has-background-dim\"><\/span><div class=\"wp-block-cover__inner-container has-global-padding is-layout-constrained wp-block-cover-is-layout-constrained\">\n<h2 class=\"wp-block-heading has-text-align-center\" style=\"font-size:55px\">Hitta till parken<\/h2>\n<\/div><\/div>\n\n\n\n<div style=\"height:100px\" aria-hidden=\"true\" class=\"wp-block-spacer\"><\/div>\n\n\n\n<h2 class=\"wp-block-heading has-large-font-size\">Hitta till H\u00f6gt &amp; L\u00e5gt F\u00e5r\u00f6<\/h2>\n\n\n\n    <div class=\"icon-list\">\n\n            \n        <div class=\"icon-list-item\">\n            <div class=\"il-img\">\n                <img decoding=\"async\" src=\"https:\/\/hogtlagt.se\/faro\/wp-content\/uploads\/sites\/22\/2020\/03\/HL-ikon-11.svg\" class=\"attachment-icon size-icon\" alt=\"\" \/>            <\/div>\n            <div class=\"icon-list-content\">\n                <h3>Adress<\/h3>\n                <p>V\u00e5r adress \u00e4r: <span data-olk-copy-source=\"MessageBody\">F\u00e5r\u00f6 Sudersand 5650, 62467 F\u00e5r\u00f6<\/span><\/p>\n<p><a href=\"https:\/\/maps.app.goo.gl\/BuFGgeGVE3Kre5Tt6\" target=\"_blank\" rel=\"noopener\">Google Maps<\/a><\/p>\n            <\/div>\n        <\/div>\n\n                    <hr>\n                    \n        <div class=\"icon-list-item\">\n            <div class=\"il-img\">\n                <img decoding=\"async\" src=\"https:\/\/hogtlagt.se\/faro\/wp-content\/uploads\/sites\/22\/2020\/03\/HL-ikon-11.svg\" class=\"attachment-icon size-icon\" alt=\"\" \/>            <\/div>\n            <div class=\"icon-list-content\">\n                <h3>Med bil<\/h3>\n                <p>Kommer ni med bil fr\u00e5n F\u00e5r\u00f6f\u00e4rjan s\u00e5 f\u00f6ljer ni stora v\u00e4gen till Sudersand. Vid korsningen p\u00e5 Sudersand k\u00f6r ni rakt fram, mot Sudersand \u00d6, och efter ca 300m kommer ni se parken p\u00e5 v\u00e4nster sida av v\u00e4gen.<\/p>\n            <\/div>\n        <\/div>\n\n                    <hr>\n                    \n        <div class=\"icon-list-item\">\n            <div class=\"il-img\">\n                <img decoding=\"async\" src=\"https:\/\/hogtlagt.se\/faro\/wp-content\/uploads\/sites\/22\/2020\/03\/HL-ikon-11.svg\" class=\"attachment-icon size-icon\" alt=\"\" \/>            <\/div>\n            <div class=\"icon-list-content\">\n                <h3>Med buss<\/h3>\n                <p>Kommer ni med buss \u00e4r det linje nr 20 ni ska \u00e5ka med och ni kliver av p\u00e5 h\u00e5llplats &#8221;Sudersand&#8221;, d\u00e4rifr\u00e5n \u00e4r det en 2 minuters promenad till parken. F\u00f6lj skyltarna.<\/p>\n<p>Notera att bussen endast g\u00e5r fr\u00e5n Visby och hela v\u00e4gen upp till F\u00e5r\u00f6\/Sudersand mellan ca 15 juni och 15 augusti, \u00f6vrig tid trafikerar den endast Visby-F\u00e5r\u00f6sund.<\/p>\n            <\/div>\n        <\/div>\n\n                    <hr>\n            \n    <\/div>\n\n    \n\n\n<div style=\"height:100px\" aria-hidden=\"true\" class=\"wp-block-spacer\"><\/div>\n\n\n\n<div class=\"wp-block-cover alignfull\" style=\"min-height:376px;aspect-ratio:unset;\"><img loading=\"lazy\" decoding=\"async\" width=\"2048\" height=\"1365\" class=\"wp-block-cover__image-background wp-image-1934\" alt=\"\" src=\"https:\/\/hogtlagt.se\/faro\/wp-content\/uploads\/sites\/22\/2023\/12\/Hogt-Lagt-WEBB-1235.jpg\" style=\"object-position:50% 66%\" data-object-fit=\"cover\" data-object-position=\"50% 66%\" srcset=\"https:\/\/hogtlagt.se\/faro\/wp-content\/uploads\/sites\/22\/2023\/12\/Hogt-Lagt-WEBB-1235.jpg 2048w, https:\/\/hogtlagt.se\/faro\/wp-content\/uploads\/sites\/22\/2023\/12\/Hogt-Lagt-WEBB-1235-300x200.jpg 300w, https:\/\/hogtlagt.se\/faro\/wp-content\/uploads\/sites\/22\/2023\/12\/Hogt-Lagt-WEBB-1235-1024x683.jpg 1024w, https:\/\/hogtlagt.se\/faro\/wp-content\/uploads\/sites\/22\/2023\/12\/Hogt-Lagt-WEBB-1235-768x512.jpg 768w, https:\/\/hogtlagt.se\/faro\/wp-content\/uploads\/sites\/22\/2023\/12\/Hogt-Lagt-WEBB-1235-1536x1024.jpg 1536w\" sizes=\"auto, (max-width: 2048px) 100vw, 2048px\" \/><span aria-hidden=\"true\" class=\"wp-block-cover__background has-background-dim\"><\/span><div class=\"wp-block-cover__inner-container has-global-padding is-layout-constrained wp-block-cover-is-layout-constrained\">\n<p class=\"has-text-align-center\" style=\"font-size:25px\">Allt vi g\u00f6r genomsyras av v\u00e5ra grundl\u00e4ggande v\u00e4rden&nbsp;<em>Genomarbetat, S\u00e4kert, Innovativt, Inkluderande<\/em>&nbsp;och&nbsp;<em>Utmanande.<\/em>&nbsp;Vi \u00e4r drivna, vi arbetar h\u00e5rt, vi brinner f\u00f6r varje kunds upplevelse, vi \u00e4r med och utvecklar branschen och vi har j\u00e4kligt roligt medans vi g\u00f6r det!<\/p>\n<\/div><\/div>\n","protected":false},"excerpt":{"rendered":"<p>Hitta till H\u00f6gt &amp; L\u00e5gt F\u00e5r\u00f6<\/p>\n","protected":false},"author":1,"featured_media":1832,"parent":20,"menu_order":3,"comment_status":"closed","ping_status":"closed","template":"templates\/empty.php","meta":{"_acf_changed":false,"inline_featured_image":false,"footnotes":""},"class_list":["post-26","page","type-page","status-publish","has-post-thumbnail"],"acf":[],"yoast_head":"<!-- This site is optimized with the Yoast SEO plugin v26.1.1 - https:\/\/yoast.com\/wordpress\/plugins\/seo\/ -->\n<title>V\u00e4gbeskrivning till Kl\u00e4tterparken p\u00e5 F\u00e5r\u00f6 - H\u00f6gt &amp; L\u00e5gt Gotland - F\u00e5r\u00f6<\/title>\n<meta name=\"description\" content=\"H\u00e4r hittar du v\u00e5r adress och v\u00e4gbeskrivningen f\u00f6r att komma r\u00e4tt. Du kan ta dig hit med bil, t\u00e5g eller buss.\" \/>\n<meta name=\"robots\" content=\"index, follow, max-snippet:-1, max-image-preview:large, max-video-preview:-1\" \/>\n<link rel=\"canonical\" href=\"https:\/\/hogtlagt.se\/faro\/infor-besoket\/vagbeskrivning\/\" \/>\n<meta property=\"og:locale\" content=\"sv_SE\" \/>\n<meta property=\"og:type\" content=\"article\" \/>\n<meta property=\"og:title\" content=\"V\u00e4gbeskrivning till Kl\u00e4tterparken p\u00e5 F\u00e5r\u00f6 - H\u00f6gt &amp; L\u00e5gt Gotland - F\u00e5r\u00f6\" \/>\n<meta property=\"og:description\" content=\"H\u00e4r hittar du v\u00e5r adress och v\u00e4gbeskrivningen f\u00f6r att komma r\u00e4tt. Du kan ta dig hit med bil, t\u00e5g eller buss.\" \/>\n<meta property=\"og:url\" content=\"https:\/\/hogtlagt.se\/faro\/infor-besoket\/vagbeskrivning\/\" \/>\n<meta property=\"og:site_name\" content=\"H\u00f6gt &amp; L\u00e5gt Gotland - F\u00e5r\u00f6\" \/>\n<meta property=\"article:modified_time\" content=\"2025-10-20T09:54:04+00:00\" \/>\n<meta property=\"og:image\" content=\"https:\/\/hogtlagt.se\/faro\/wp-content\/uploads\/sites\/22\/2023\/10\/Va\u0308gbeskrivning-1-scaled.jpg\" \/>\n\t<meta property=\"og:image:width\" content=\"2560\" \/>\n\t<meta property=\"og:image:height\" content=\"1920\" \/>\n\t<meta property=\"og:image:type\" content=\"image\/jpeg\" \/>\n<meta name=\"twitter:card\" content=\"summary_large_image\" \/>\n<meta name=\"twitter:label1\" content=\"Ber\u00e4knad l\u00e4stid\" \/>\n\t<meta name=\"twitter:data1\" content=\"1 minut\" \/>\n<script type=\"application\/ld+json\" class=\"yoast-schema-graph\">{\"@context\":\"https:\/\/schema.org\",\"@graph\":[{\"@type\":\"WebPage\",\"@id\":\"https:\/\/hogtlagt.se\/faro\/infor-besoket\/vagbeskrivning\/\",\"url\":\"https:\/\/hogtlagt.se\/faro\/infor-besoket\/vagbeskrivning\/\",\"name\":\"V\u00e4gbeskrivning till Kl\u00e4tterparken p\u00e5 F\u00e5r\u00f6 - H\u00f6gt &amp; L\u00e5gt Gotland - F\u00e5r\u00f6\",\"isPartOf\":{\"@id\":\"https:\/\/hogtlagt.se\/faro\/#website\"},\"primaryImageOfPage\":{\"@id\":\"https:\/\/hogtlagt.se\/faro\/infor-besoket\/vagbeskrivning\/#primaryimage\"},\"image\":{\"@id\":\"https:\/\/hogtlagt.se\/faro\/infor-besoket\/vagbeskrivning\/#primaryimage\"},\"thumbnailUrl\":\"https:\/\/hogtlagt.se\/faro\/wp-content\/uploads\/sites\/22\/2023\/10\/Va\u0308gbeskrivning-1-scaled.jpg\",\"datePublished\":\"2020-02-28T11:47:34+00:00\",\"dateModified\":\"2025-10-20T09:54:04+00:00\",\"description\":\"H\u00e4r hittar du v\u00e5r adress och v\u00e4gbeskrivningen f\u00f6r att komma r\u00e4tt. Du kan ta dig hit med bil, t\u00e5g eller buss.\",\"breadcrumb\":{\"@id\":\"https:\/\/hogtlagt.se\/faro\/infor-besoket\/vagbeskrivning\/#breadcrumb\"},\"inLanguage\":\"sv-SE\",\"potentialAction\":[{\"@type\":\"ReadAction\",\"target\":[\"https:\/\/hogtlagt.se\/faro\/infor-besoket\/vagbeskrivning\/\"]}]},{\"@type\":\"ImageObject\",\"inLanguage\":\"sv-SE\",\"@id\":\"https:\/\/hogtlagt.se\/faro\/infor-besoket\/vagbeskrivning\/#primaryimage\",\"url\":\"https:\/\/hogtlagt.se\/faro\/wp-content\/uploads\/sites\/22\/2023\/10\/Va\u0308gbeskrivning-1-scaled.jpg\",\"contentUrl\":\"https:\/\/hogtlagt.se\/faro\/wp-content\/uploads\/sites\/22\/2023\/10\/Va\u0308gbeskrivning-1-scaled.jpg\",\"width\":2560,\"height\":1920,\"caption\":\"Vacker bild p\u00e5 stig i parken d\u00e4r solen str\u00e5lar ner mellan tr\u00e4den\"},{\"@type\":\"BreadcrumbList\",\"@id\":\"https:\/\/hogtlagt.se\/faro\/infor-besoket\/vagbeskrivning\/#breadcrumb\",\"itemListElement\":[{\"@type\":\"ListItem\",\"position\":1,\"name\":\"Hem\",\"item\":\"https:\/\/hogtlagt.se\/faro\/\"},{\"@type\":\"ListItem\",\"position\":2,\"name\":\"Inf\u00f6r Bes\u00f6ket\",\"item\":\"https:\/\/hogtlagt.se\/faro\/infor-besoket\/\"},{\"@type\":\"ListItem\",\"position\":3,\"name\":\"V\u00e4gbeskrivning till Kl\u00e4tterparken p\u00e5 F\u00e5r\u00f6\"}]},{\"@type\":\"WebSite\",\"@id\":\"https:\/\/hogtlagt.se\/faro\/#website\",\"url\":\"https:\/\/hogtlagt.se\/faro\/\",\"name\":\"H\u00f6gt &amp; L\u00e5gt Gotland - F\u00e5r\u00f6\",\"description\":\"\",\"potentialAction\":[{\"@type\":\"SearchAction\",\"target\":{\"@type\":\"EntryPoint\",\"urlTemplate\":\"https:\/\/hogtlagt.se\/faro\/?s={search_term_string}\"},\"query-input\":{\"@type\":\"PropertyValueSpecification\",\"valueRequired\":true,\"valueName\":\"search_term_string\"}}],\"inLanguage\":\"sv-SE\"}]}<\/script>\n<!-- \/ Yoast SEO plugin. -->","yoast_head_json":{"title":"V\u00e4gbeskrivning till Kl\u00e4tterparken p\u00e5 F\u00e5r\u00f6 - H\u00f6gt &amp; L\u00e5gt Gotland - F\u00e5r\u00f6","description":"H\u00e4r hittar du v\u00e5r adress och v\u00e4gbeskrivningen f\u00f6r att komma r\u00e4tt. Du kan ta dig hit med bil, t\u00e5g eller buss.","robots":{"index":"index","follow":"follow","max-snippet":"max-snippet:-1","max-image-preview":"max-image-preview:large","max-video-preview":"max-video-preview:-1"},"canonical":"https:\/\/hogtlagt.se\/faro\/infor-besoket\/vagbeskrivning\/","og_locale":"sv_SE","og_type":"article","og_title":"V\u00e4gbeskrivning till Kl\u00e4tterparken p\u00e5 F\u00e5r\u00f6 - H\u00f6gt &amp; L\u00e5gt Gotland - F\u00e5r\u00f6","og_description":"H\u00e4r hittar du v\u00e5r adress och v\u00e4gbeskrivningen f\u00f6r att komma r\u00e4tt. Du kan ta dig hit med bil, t\u00e5g eller buss.","og_url":"https:\/\/hogtlagt.se\/faro\/infor-besoket\/vagbeskrivning\/","og_site_name":"H\u00f6gt &amp; L\u00e5gt Gotland - F\u00e5r\u00f6","article_modified_time":"2025-10-20T09:54:04+00:00","og_image":[{"width":2560,"height":1920,"url":"https:\/\/hogtlagt.se\/faro\/wp-content\/uploads\/sites\/22\/2023\/10\/Va\u0308gbeskrivning-1-scaled.jpg","type":"image\/jpeg"}],"twitter_card":"summary_large_image","twitter_misc":{"Ber\u00e4knad l\u00e4stid":"1 minut"},"schema":{"@context":"https:\/\/schema.org","@graph":[{"@type":"WebPage","@id":"https:\/\/hogtlagt.se\/faro\/infor-besoket\/vagbeskrivning\/","url":"https:\/\/hogtlagt.se\/faro\/infor-besoket\/vagbeskrivning\/","name":"V\u00e4gbeskrivning till Kl\u00e4tterparken p\u00e5 F\u00e5r\u00f6 - H\u00f6gt &amp; L\u00e5gt Gotland - F\u00e5r\u00f6","isPartOf":{"@id":"https:\/\/hogtlagt.se\/faro\/#website"},"primaryImageOfPage":{"@id":"https:\/\/hogtlagt.se\/faro\/infor-besoket\/vagbeskrivning\/#primaryimage"},"image":{"@id":"https:\/\/hogtlagt.se\/faro\/infor-besoket\/vagbeskrivning\/#primaryimage"},"thumbnailUrl":"https:\/\/hogtlagt.se\/faro\/wp-content\/uploads\/sites\/22\/2023\/10\/Va\u0308gbeskrivning-1-scaled.jpg","datePublished":"2020-02-28T11:47:34+00:00","dateModified":"2025-10-20T09:54:04+00:00","description":"H\u00e4r hittar du v\u00e5r adress och v\u00e4gbeskrivningen f\u00f6r att komma r\u00e4tt. Du kan ta dig hit med bil, t\u00e5g eller buss.","breadcrumb":{"@id":"https:\/\/hogtlagt.se\/faro\/infor-besoket\/vagbeskrivning\/#breadcrumb"},"inLanguage":"sv-SE","potentialAction":[{"@type":"ReadAction","target":["https:\/\/hogtlagt.se\/faro\/infor-besoket\/vagbeskrivning\/"]}]},{"@type":"ImageObject","inLanguage":"sv-SE","@id":"https:\/\/hogtlagt.se\/faro\/infor-besoket\/vagbeskrivning\/#primaryimage","url":"https:\/\/hogtlagt.se\/faro\/wp-content\/uploads\/sites\/22\/2023\/10\/Va\u0308gbeskrivning-1-scaled.jpg","contentUrl":"https:\/\/hogtlagt.se\/faro\/wp-content\/uploads\/sites\/22\/2023\/10\/Va\u0308gbeskrivning-1-scaled.jpg","width":2560,"height":1920,"caption":"Vacker bild p\u00e5 stig i parken d\u00e4r solen str\u00e5lar ner mellan tr\u00e4den"},{"@type":"BreadcrumbList","@id":"https:\/\/hogtlagt.se\/faro\/infor-besoket\/vagbeskrivning\/#breadcrumb","itemListElement":[{"@type":"ListItem","position":1,"name":"Hem","item":"https:\/\/hogtlagt.se\/faro\/"},{"@type":"ListItem","position":2,"name":"Inf\u00f6r Bes\u00f6ket","item":"https:\/\/hogtlagt.se\/faro\/infor-besoket\/"},{"@type":"ListItem","position":3,"name":"V\u00e4gbeskrivning till Kl\u00e4tterparken p\u00e5 F\u00e5r\u00f6"}]},{"@type":"WebSite","@id":"https:\/\/hogtlagt.se\/faro\/#website","url":"https:\/\/hogtlagt.se\/faro\/","name":"H\u00f6gt &amp; L\u00e5gt Gotland - F\u00e5r\u00f6","description":"","potentialAction":[{"@type":"SearchAction","target":{"@type":"EntryPoint","urlTemplate":"https:\/\/hogtlagt.se\/faro\/?s={search_term_string}"},"query-input":{"@type":"PropertyValueSpecification","valueRequired":true,"valueName":"search_term_string"}}],"inLanguage":"sv-SE"}]}},"_links":{"self":[{"href":"https:\/\/hogtlagt.se\/faro\/wp-json\/wp\/v2\/pages\/26","targetHints":{"allow":["GET"]}}],"collection":[{"href":"https:\/\/hogtlagt.se\/faro\/wp-json\/wp\/v2\/pages"}],"about":[{"href":"https:\/\/hogtlagt.se\/faro\/wp-json\/wp\/v2\/types\/page"}],"author":[{"embeddable":true,"href":"https:\/\/hogtlagt.se\/faro\/wp-json\/wp\/v2\/users\/1"}],"replies":[{"embeddable":true,"href":"https:\/\/hogtlagt.se\/faro\/wp-json\/wp\/v2\/comments?post=26"}],"version-history":[{"count":30,"href":"https:\/\/hogtlagt.se\/faro\/wp-json\/wp\/v2\/pages\/26\/revisions"}],"predecessor-version":[{"id":2368,"href":"https:\/\/hogtlagt.se\/faro\/wp-json\/wp\/v2\/pages\/26\/revisions\/2368"}],"up":[{"embeddable":true,"href":"https:\/\/hogtlagt.se\/faro\/wp-json\/wp\/v2\/pages\/20"}],"wp:featuredmedia":[{"embeddable":true,"href":"https:\/\/hogtlagt.se\/faro\/wp-json\/wp\/v2\/media\/1832"}],"wp:attachment":[{"href":"https:\/\/hogtlagt.se\/faro\/wp-json\/wp\/v2\/media?parent=26"}],"curies":[{"name":"wp","href":"https:\/\/api.w.org\/{rel}","templated":true}]}}