{"id":18,"date":"2020-02-28T12:46:31","date_gmt":"2020-02-28T11:46:31","guid":{"rendered":"http:\/\/hogtlagt.se.hemsida.eu\/rattvik\/?page_id=18"},"modified":"2026-05-13T10:30:48","modified_gmt":"2026-05-13T08:30:48","slug":"klatterbanorna","status":"publish","type":"page","link":"https:\/\/hogtlagt.se\/faro\/klatterparken\/klatterbanorna\/","title":{"rendered":"Kl\u00e4tterparken och v\u00e5ra h\u00f6gh\u00f6jdsbanor"},"content":{"rendered":"\n<div class=\"wp-block-cover alignfull\" style=\"min-height:600px;aspect-ratio:unset;\"><img loading=\"lazy\" decoding=\"async\" width=\"2048\" height=\"1365\" class=\"wp-block-cover__image-background wp-image-1787\" alt=\"\" src=\"https:\/\/hogtlagt.se\/faro\/wp-content\/uploads\/sites\/22\/2023\/10\/va\u030ara-ho\u0308gho\u0308jdsbanor.jpg\" data-object-fit=\"cover\" srcset=\"https:\/\/hogtlagt.se\/faro\/wp-content\/uploads\/sites\/22\/2023\/10\/va\u030ara-ho\u0308gho\u0308jdsbanor.jpg 2048w, https:\/\/hogtlagt.se\/faro\/wp-content\/uploads\/sites\/22\/2023\/10\/va\u030ara-ho\u0308gho\u0308jdsbanor-300x200.jpg 300w, https:\/\/hogtlagt.se\/faro\/wp-content\/uploads\/sites\/22\/2023\/10\/va\u030ara-ho\u0308gho\u0308jdsbanor-1024x683.jpg 1024w, https:\/\/hogtlagt.se\/faro\/wp-content\/uploads\/sites\/22\/2023\/10\/va\u030ara-ho\u0308gho\u0308jdsbanor-768x512.jpg 768w, https:\/\/hogtlagt.se\/faro\/wp-content\/uploads\/sites\/22\/2023\/10\/va\u030ara-ho\u0308gho\u0308jdsbanor-1536x1024.jpg 1536w\" sizes=\"auto, (max-width: 2048px) 100vw, 2048px\" \/><span aria-hidden=\"true\" class=\"wp-block-cover__background has-background-dim-20 has-background-dim\"><\/span><div class=\"wp-block-cover__inner-container has-global-padding is-layout-constrained wp-block-cover-is-layout-constrained\">\n<h2 class=\"wp-block-heading has-text-align-center\" style=\"font-size:55px\">Parken och v\u00e5ra banor<\/h2>\n<\/div><\/div>\n\n\n\n<div style=\"height:75px\" aria-hidden=\"true\" class=\"wp-block-spacer\"><\/div>\n\n\n\n<h2 class=\"wp-block-heading\">Kl\u00e4ttring och \u00e4ventyr l\u00e4ngs h\u00f6gh\u00f6jdsbanor p\u00e5 F\u00e5r\u00f6<\/h2>\n\n\n\n<div style=\"height:24px\" aria-hidden=\"true\" class=\"wp-block-spacer\"><\/div>\n\n\n\n<p>Kl\u00e4tterparken p\u00e5 F\u00e5r\u00f6 \u00e4r vackert bel\u00e4gen i skogen vid Sudersand resort. Parken \u00e4r \u00f6ppen f\u00f6r alla och det \u00e4r enbart de som ska kl\u00e4ttra som beh\u00f6ver k\u00f6pa biljett. Vi har gott om bord och sittplatser samt grillar, s\u00e5 se till att packa fikakorgen.<\/p>\n\n\n\n<p>N\u00e4r du k\u00f6per en biljett till parken f\u00e5r du under 2,5 timmar kl\u00e4ttra s\u00e5 m\u00e5nga banor du vill s\u00e5 m\u00e5nga g\u00e5nger du vill (och orkar!). Ni k\u00f6per biljett efter \u00e5lder p\u00e5 den som ska kl\u00e4ttra och sedan f\u00e5r man kl\u00e4ttra alla banor d\u00e4r man uppfyller banans minimikrav p\u00e5 l\u00e4ngd. Barn under 6 \u00e5r m\u00e5ste ha med en kl\u00e4ttrande vuxen i de gr\u00f6na banorna (som g\u00e5r p\u00e5 mellan 3-6 meters h\u00f6jd) och barn under 10 m\u00e5ste ha med en kl\u00e4ttrande vuxen i de bl\u00e5 eller r\u00f6da banorna (som g\u00e5r p\u00e5 8+ meters h\u00f6jd). I den oranga banan (som g\u00e5r p\u00e5 ca 1 meters h\u00f6jd) kan en vuxen g\u00e5 vid sidan f\u00f6r att assistera.<\/p>\n\n\n\n<p>F\u00f6r att f\u00e5 kl\u00e4ttra g\u00e4ller:<br>-Maxvikt 120 kg<br>-Att du ej \u00e4r gravid<br>-att du ej \u00e4r p\u00e5verkad av alkohol eller andra droger<br>-Att du deltar i s\u00e4kerhetsgenomg\u00e5ngen samt s\u00e4tter dig in i parkens regler och f\u00f6ljer dessa (vi g\u00e5r igenom reglerna p\u00e5 s\u00e4kerhetsgenomg\u00e5ngen).<\/p>\n\n\n\n<p>Vi rekommenderar att kl\u00e4ttra med handskar, men det \u00e4r inget m\u00e5ste. Det g\u00e5r bra att ta med egna och vi s\u00e4ljer \u00e4ven handskar p\u00e5 plats f\u00f6r 39 kr\/paret.<\/p>\n\n\n\n<figure class=\"wp-block-image aligncenter size-large is-resized\"><img loading=\"lazy\" decoding=\"async\" width=\"790\" height=\"837\" src=\"https:\/\/hogtlagt.se\/faro\/wp-content\/uploads\/sites\/22\/2023\/12\/Lager-2-7.svg\" alt=\"\" class=\"wp-image-1950\" style=\"width:227px;height:auto\"\/><\/figure>\n\n\n\n<div style=\"height:35px\" aria-hidden=\"true\" class=\"wp-block-spacer\"><\/div>\n\n\n\n    <div class=\"icon-list\">\n\n            \n        <div class=\"icon-list-item\">\n            <div class=\"il-img\">\n                <img decoding=\"async\" src=\"https:\/\/hogtlagt.se\/faro\/wp-content\/uploads\/sites\/22\/2020\/03\/HL-ikon-14.svg\" class=\"attachment-icon size-icon\" alt=\"\" \/>            <\/div>\n            <div class=\"icon-list-content\">\n                <h3>BAN-BESKRIVNING<\/h3>\n                            <\/div>\n        <\/div>\n\n                    \n        <div class=\"icon-list-item\">\n            <div class=\"il-img\">\n                            <\/div>\n            <div class=\"icon-list-content\">\n                <h3><\/h3>\n                <p><strong>Bl\u00e5b\u00e4rsbacken<\/strong><br \/>\nMinimil\u00e4ngd:\u00a0<em>80cm<br \/>\n<\/em>Sv\u00e5righetsgrad:\u00a0<em>Orange (v\u00e4ldigt enkel)<\/em><br \/>\nH\u00f6jd: 1-1,5 meter<br \/>\nOm banan: V\u00e5r orangea bana passar bra f\u00f6r v\u00e5ra allra minsta bes\u00f6kare. H\u00e4r kan du som vuxen ocks\u00e5 g\u00e5 med p\u00e5 backen och hj\u00e4lpa till (du beh\u00f6ver inte l\u00f6sa biljett). H\u00e4r kommer du bland annat f\u00e5 balansera p\u00e5 monster, \u00e5ka kompisgunga och s\u00e5klart \u2013 avsluta med att \u00e5ka zipline.<\/p>\n<p>&nbsp;<\/p>\n<p><strong>Myrlejonslingan<\/strong><br \/>\nMinimil\u00e4ngd: <em>110 cm<\/em><br \/>\nSv\u00e5righetsgrad: <em>Gr\u00f6n (familj\/enkel)<\/em><br \/>\nH\u00f6jd: 3-4 meter<br \/>\nOm banan: En perfekt bana att starta \u00e4ventyret med. H\u00e4r f\u00e5r du testa p\u00e5 att kl\u00e4ttra, balansera och s\u00e5klart \u00e5ka zipline, men det \u00e4r fortfarande relativt stadigt under f\u00f6tterna.<\/p>\n<p>&nbsp;<\/p>\n<p><strong>Raukrundan<\/strong><br \/>\nMinimil\u00e4ngd: <em>110cm<\/em><br \/>\nSv\u00e5righetsgrad: <em>M\u00f6rkgr\u00f6n (familj\/utmanande)<\/em><br \/>\nH\u00f6jd: 3-6 meter<br \/>\nOm banan: H\u00e4r f\u00e5r du utmana dig d\u00e5 det blir b\u00e5de h\u00f6gre och vingligare i banan. Och n\u00e4r det \u00e4r dags att \u00e5ka kokosn\u00f6t: hoppa p\u00e5 och h\u00e5ll i dig!<\/p>\n<p>&nbsp;<\/p>\n<p><strong>Dynfararstigen<\/strong><br \/>\nMinimil\u00e4ngd:\u00a0<em>110cm<\/em><br \/>\nSv\u00e5righetsgrad: <em>Gr\u00f6n (familj\/enkel)<\/em><br \/>\nH\u00f6jd: 3-4 meter<br \/>\nOm banan: En j\u00e4ttefin bana med b\u00e5de en l\u00e5ng zipline och ett stort hinder d\u00e4r du kl\u00e4ttrar \u00f6ver bokst\u00e4verna SUDERSAND!<\/p>\n<p>&nbsp;<\/p>\n<p><strong>Ullahaus h\u00f6jder<br \/>\n<\/strong>Minimil\u00e4ngd: <em>140cm<br \/>\n<\/em>Sv\u00e5righetsgrad: <em>Bl\u00e5 (sp\u00e4nning)<\/em><br \/>\nH\u00f6jd: 6+ meter<br \/>\nOm bana<span style=\"font-size: 1.125rem;\">n: Nu blir det b\u00e5de h\u00f6gre, tuffare och vingligare. H\u00e4r kr\u00e4vs det s\u00e5v\u00e4l bra nerver som bra koordination. S\u00e5 h\u00e5ll tungan r\u00e4tt i munnen och balansera fram l\u00e5ngt ovanf\u00f6r Ullahaus b\u00f6ljande sandkullar.<\/span><\/p>\n            <\/div>\n        <\/div>\n\n            \n    <\/div>\n\n    \n\n\n<div style=\"height:33px\" aria-hidden=\"true\" class=\"wp-block-spacer\"><\/div>\n\n\n\n<div style=\"height:73px\" aria-hidden=\"true\" class=\"wp-block-spacer\"><\/div>\n\n\n\n<figure class=\"wp-block-image aligncenter size-large\"><img loading=\"lazy\" decoding=\"async\" width=\"1024\" height=\"768\" src=\"https:\/\/hogtlagt.se\/faro\/wp-content\/uploads\/sites\/22\/2026\/05\/Ho\u0308gtLa\u030agtFa\u030aro\u03083000x2250RGB-1024x768.jpg\" alt=\"\" class=\"wp-image-2464\" srcset=\"https:\/\/hogtlagt.se\/faro\/wp-content\/uploads\/sites\/22\/2026\/05\/Ho\u0308gtLa\u030agtFa\u030aro\u03083000x2250RGB-1024x768.jpg 1024w, https:\/\/hogtlagt.se\/faro\/wp-content\/uploads\/sites\/22\/2026\/05\/Ho\u0308gtLa\u030agtFa\u030aro\u03083000x2250RGB-300x225.jpg 300w, https:\/\/hogtlagt.se\/faro\/wp-content\/uploads\/sites\/22\/2026\/05\/Ho\u0308gtLa\u030agtFa\u030aro\u03083000x2250RGB-768x576.jpg 768w, https:\/\/hogtlagt.se\/faro\/wp-content\/uploads\/sites\/22\/2026\/05\/Ho\u0308gtLa\u030agtFa\u030aro\u03083000x2250RGB-1536x1152.jpg 1536w, https:\/\/hogtlagt.se\/faro\/wp-content\/uploads\/sites\/22\/2026\/05\/Ho\u0308gtLa\u030agtFa\u030aro\u03083000x2250RGB-2048x1536.jpg 2048w\" sizes=\"auto, (max-width: 1024px) 100vw, 1024px\" \/><\/figure>\n\n\n\n<div style=\"height:100px\" aria-hidden=\"true\" class=\"wp-block-spacer\"><\/div>\n\n\n\n<h2 class=\"wp-block-heading has-text-align-center\">Vad tycker v\u00e5ra g\u00e4ster?<\/h2>\n\n\n\n<div style=\"height:34px\" aria-hidden=\"true\" class=\"wp-block-spacer\"><\/div>\n\n\n\n\n\n\n<div class=\"wp-block-cover alignfull\" style=\"min-height:376px;aspect-ratio:unset;\"><img loading=\"lazy\" decoding=\"async\" width=\"2048\" height=\"1365\" class=\"wp-block-cover__image-background wp-image-1934\" alt=\"\" src=\"https:\/\/hogtlagt.se\/faro\/wp-content\/uploads\/sites\/22\/2023\/12\/Hogt-Lagt-WEBB-1235.jpg\" style=\"object-position:50% 66%\" data-object-fit=\"cover\" data-object-position=\"50% 66%\" srcset=\"https:\/\/hogtlagt.se\/faro\/wp-content\/uploads\/sites\/22\/2023\/12\/Hogt-Lagt-WEBB-1235.jpg 2048w, https:\/\/hogtlagt.se\/faro\/wp-content\/uploads\/sites\/22\/2023\/12\/Hogt-Lagt-WEBB-1235-300x200.jpg 300w, https:\/\/hogtlagt.se\/faro\/wp-content\/uploads\/sites\/22\/2023\/12\/Hogt-Lagt-WEBB-1235-1024x683.jpg 1024w, https:\/\/hogtlagt.se\/faro\/wp-content\/uploads\/sites\/22\/2023\/12\/Hogt-Lagt-WEBB-1235-768x512.jpg 768w, https:\/\/hogtlagt.se\/faro\/wp-content\/uploads\/sites\/22\/2023\/12\/Hogt-Lagt-WEBB-1235-1536x1024.jpg 1536w\" sizes=\"auto, (max-width: 2048px) 100vw, 2048px\" \/><span aria-hidden=\"true\" class=\"wp-block-cover__background has-background-dim\"><\/span><div class=\"wp-block-cover__inner-container has-global-padding is-layout-constrained wp-block-cover-is-layout-constrained\">\n<p class=\"has-text-align-center\" style=\"font-size:25px\">Allt vi g\u00f6r genomsyras av v\u00e5ra grundl\u00e4ggande v\u00e4rden&nbsp;<em>Genomarbetat, S\u00e4kert, Innovativt, Inkluderande<\/em>&nbsp;och&nbsp;<em>Utmanande.<\/em>&nbsp;Vi \u00e4r drivna, vi arbetar h\u00e5rt, vi brinner f\u00f6r varje kunds upplevelse, vi \u00e4r med och utvecklar branschen och vi har j\u00e4kligt roligt medans vi g\u00f6r det!<\/p>\n<\/div><\/div>\n","protected":false},"excerpt":{"rendered":"<p>Kl\u00e4ttring och \u00e4ventyr l\u00e4ngs h\u00f6gh\u00f6jdsbanor p\u00e5 F\u00e5r\u00f6 Kl\u00e4tterparken p\u00e5 F\u00e5r\u00f6 \u00e4r vackert bel\u00e4gen i skogen vid Sudersand resort. Parken \u00e4r \u00f6ppen f\u00f6r alla och det \u00e4r enbart de som ska&#8230;<\/p>\n","protected":false},"author":1,"featured_media":1816,"parent":10,"menu_order":1,"comment_status":"closed","ping_status":"closed","template":"templates\/empty.php","meta":{"_acf_changed":false,"inline_featured_image":false,"footnotes":""},"class_list":["post-18","page","type-page","status-publish","has-post-thumbnail"],"acf":[],"yoast_head":"<!-- This site is optimized with the Yoast SEO plugin v26.1.1 - https:\/\/yoast.com\/wordpress\/plugins\/seo\/ -->\n<title>Kl\u00e4tterparken och v\u00e5ra h\u00f6gh\u00f6jdsbanor - H\u00f6gt &amp; L\u00e5gt Gotland - F\u00e5r\u00f6<\/title>\n<meta name=\"description\" content=\"Utmaningar f\u00f6r hela familjen p\u00e5 v\u00e5ra h\u00f6gh\u00f6jdsbanor i tallskogen ner mot Varvsholm. Kl\u00e4ttra p\u00e5 5 hinderbanor med varierande sv\u00e5righetsgrad.\" \/>\n<meta name=\"robots\" content=\"index, follow, max-snippet:-1, max-image-preview:large, max-video-preview:-1\" \/>\n<link rel=\"canonical\" href=\"https:\/\/hogtlagt.se\/faro\/klatterparken\/klatterbanorna\/\" \/>\n<meta property=\"og:locale\" content=\"sv_SE\" \/>\n<meta property=\"og:type\" content=\"article\" \/>\n<meta property=\"og:title\" content=\"Kl\u00e4tterparken och v\u00e5ra h\u00f6gh\u00f6jdsbanor - H\u00f6gt &amp; L\u00e5gt Gotland - F\u00e5r\u00f6\" \/>\n<meta property=\"og:description\" content=\"Utmaningar f\u00f6r hela familjen p\u00e5 v\u00e5ra h\u00f6gh\u00f6jdsbanor i tallskogen ner mot Varvsholm. Kl\u00e4ttra p\u00e5 5 hinderbanor med varierande sv\u00e5righetsgrad.\" \/>\n<meta property=\"og:url\" content=\"https:\/\/hogtlagt.se\/faro\/klatterparken\/klatterbanorna\/\" \/>\n<meta property=\"og:site_name\" content=\"H\u00f6gt &amp; L\u00e5gt Gotland - F\u00e5r\u00f6\" \/>\n<meta property=\"article:modified_time\" content=\"2026-05-13T08:30:48+00:00\" \/>\n<meta property=\"og:image\" content=\"https:\/\/hogtlagt.se\/faro\/wp-content\/uploads\/sites\/22\/2023\/10\/va\u030ara-ho\u0308gho\u0308jdsbanor-1.jpg\" \/>\n\t<meta property=\"og:image:width\" content=\"2048\" \/>\n\t<meta property=\"og:image:height\" content=\"1365\" \/>\n\t<meta property=\"og:image:type\" content=\"image\/jpeg\" \/>\n<meta name=\"twitter:card\" content=\"summary_large_image\" \/>\n<meta name=\"twitter:label1\" content=\"Ber\u00e4knad l\u00e4stid\" \/>\n\t<meta name=\"twitter:data1\" content=\"3 minuter\" \/>\n<script type=\"application\/ld+json\" class=\"yoast-schema-graph\">{\"@context\":\"https:\/\/schema.org\",\"@graph\":[{\"@type\":\"WebPage\",\"@id\":\"https:\/\/hogtlagt.se\/faro\/klatterparken\/klatterbanorna\/\",\"url\":\"https:\/\/hogtlagt.se\/faro\/klatterparken\/klatterbanorna\/\",\"name\":\"Kl\u00e4tterparken och v\u00e5ra h\u00f6gh\u00f6jdsbanor - H\u00f6gt &amp; L\u00e5gt Gotland - F\u00e5r\u00f6\",\"isPartOf\":{\"@id\":\"https:\/\/hogtlagt.se\/faro\/#website\"},\"primaryImageOfPage\":{\"@id\":\"https:\/\/hogtlagt.se\/faro\/klatterparken\/klatterbanorna\/#primaryimage\"},\"image\":{\"@id\":\"https:\/\/hogtlagt.se\/faro\/klatterparken\/klatterbanorna\/#primaryimage\"},\"thumbnailUrl\":\"https:\/\/hogtlagt.se\/faro\/wp-content\/uploads\/sites\/22\/2023\/10\/va\u030ara-ho\u0308gho\u0308jdsbanor-1.jpg\",\"datePublished\":\"2020-02-28T11:46:31+00:00\",\"dateModified\":\"2026-05-13T08:30:48+00:00\",\"description\":\"Utmaningar f\u00f6r hela familjen p\u00e5 v\u00e5ra h\u00f6gh\u00f6jdsbanor i tallskogen ner mot Varvsholm. Kl\u00e4ttra p\u00e5 5 hinderbanor med varierande sv\u00e5righetsgrad.\",\"breadcrumb\":{\"@id\":\"https:\/\/hogtlagt.se\/faro\/klatterparken\/klatterbanorna\/#breadcrumb\"},\"inLanguage\":\"sv-SE\",\"potentialAction\":[{\"@type\":\"ReadAction\",\"target\":[\"https:\/\/hogtlagt.se\/faro\/klatterparken\/klatterbanorna\/\"]}]},{\"@type\":\"ImageObject\",\"inLanguage\":\"sv-SE\",\"@id\":\"https:\/\/hogtlagt.se\/faro\/klatterparken\/klatterbanorna\/#primaryimage\",\"url\":\"https:\/\/hogtlagt.se\/faro\/wp-content\/uploads\/sites\/22\/2023\/10\/va\u030ara-ho\u0308gho\u0308jdsbanor-1.jpg\",\"contentUrl\":\"https:\/\/hogtlagt.se\/faro\/wp-content\/uploads\/sites\/22\/2023\/10\/va\u030ara-ho\u0308gho\u0308jdsbanor-1.jpg\",\"width\":2048,\"height\":1365,\"caption\":\"20200607 H\u00f6gt &amp; L\u00e5gt i Karlstad. Foto: Fredrik Karlsson\/SolstaFoto\"},{\"@type\":\"BreadcrumbList\",\"@id\":\"https:\/\/hogtlagt.se\/faro\/klatterparken\/klatterbanorna\/#breadcrumb\",\"itemListElement\":[{\"@type\":\"ListItem\",\"position\":1,\"name\":\"Hem\",\"item\":\"https:\/\/hogtlagt.se\/faro\/\"},{\"@type\":\"ListItem\",\"position\":2,\"name\":\"Kl\u00e4tterparken p\u00e5 F\u00e5r\u00f6\",\"item\":\"https:\/\/hogtlagt.se\/faro\/klatterparken\/\"},{\"@type\":\"ListItem\",\"position\":3,\"name\":\"Kl\u00e4tterparken och v\u00e5ra h\u00f6gh\u00f6jdsbanor\"}]},{\"@type\":\"WebSite\",\"@id\":\"https:\/\/hogtlagt.se\/faro\/#website\",\"url\":\"https:\/\/hogtlagt.se\/faro\/\",\"name\":\"H\u00f6gt &amp; L\u00e5gt Gotland - F\u00e5r\u00f6\",\"description\":\"\",\"potentialAction\":[{\"@type\":\"SearchAction\",\"target\":{\"@type\":\"EntryPoint\",\"urlTemplate\":\"https:\/\/hogtlagt.se\/faro\/?s={search_term_string}\"},\"query-input\":{\"@type\":\"PropertyValueSpecification\",\"valueRequired\":true,\"valueName\":\"search_term_string\"}}],\"inLanguage\":\"sv-SE\"}]}<\/script>\n<!-- \/ Yoast SEO plugin. -->","yoast_head_json":{"title":"Kl\u00e4tterparken och v\u00e5ra h\u00f6gh\u00f6jdsbanor - H\u00f6gt &amp; L\u00e5gt Gotland - F\u00e5r\u00f6","description":"Utmaningar f\u00f6r hela familjen p\u00e5 v\u00e5ra h\u00f6gh\u00f6jdsbanor i tallskogen ner mot Varvsholm. Kl\u00e4ttra p\u00e5 5 hinderbanor med varierande sv\u00e5righetsgrad.","robots":{"index":"index","follow":"follow","max-snippet":"max-snippet:-1","max-image-preview":"max-image-preview:large","max-video-preview":"max-video-preview:-1"},"canonical":"https:\/\/hogtlagt.se\/faro\/klatterparken\/klatterbanorna\/","og_locale":"sv_SE","og_type":"article","og_title":"Kl\u00e4tterparken och v\u00e5ra h\u00f6gh\u00f6jdsbanor - H\u00f6gt &amp; L\u00e5gt Gotland - F\u00e5r\u00f6","og_description":"Utmaningar f\u00f6r hela familjen p\u00e5 v\u00e5ra h\u00f6gh\u00f6jdsbanor i tallskogen ner mot Varvsholm. Kl\u00e4ttra p\u00e5 5 hinderbanor med varierande sv\u00e5righetsgrad.","og_url":"https:\/\/hogtlagt.se\/faro\/klatterparken\/klatterbanorna\/","og_site_name":"H\u00f6gt &amp; L\u00e5gt Gotland - F\u00e5r\u00f6","article_modified_time":"2026-05-13T08:30:48+00:00","og_image":[{"width":2048,"height":1365,"url":"https:\/\/hogtlagt.se\/faro\/wp-content\/uploads\/sites\/22\/2023\/10\/va\u030ara-ho\u0308gho\u0308jdsbanor-1.jpg","type":"image\/jpeg"}],"twitter_card":"summary_large_image","twitter_misc":{"Ber\u00e4knad l\u00e4stid":"3 minuter"},"schema":{"@context":"https:\/\/schema.org","@graph":[{"@type":"WebPage","@id":"https:\/\/hogtlagt.se\/faro\/klatterparken\/klatterbanorna\/","url":"https:\/\/hogtlagt.se\/faro\/klatterparken\/klatterbanorna\/","name":"Kl\u00e4tterparken och v\u00e5ra h\u00f6gh\u00f6jdsbanor - H\u00f6gt &amp; L\u00e5gt Gotland - F\u00e5r\u00f6","isPartOf":{"@id":"https:\/\/hogtlagt.se\/faro\/#website"},"primaryImageOfPage":{"@id":"https:\/\/hogtlagt.se\/faro\/klatterparken\/klatterbanorna\/#primaryimage"},"image":{"@id":"https:\/\/hogtlagt.se\/faro\/klatterparken\/klatterbanorna\/#primaryimage"},"thumbnailUrl":"https:\/\/hogtlagt.se\/faro\/wp-content\/uploads\/sites\/22\/2023\/10\/va\u030ara-ho\u0308gho\u0308jdsbanor-1.jpg","datePublished":"2020-02-28T11:46:31+00:00","dateModified":"2026-05-13T08:30:48+00:00","description":"Utmaningar f\u00f6r hela familjen p\u00e5 v\u00e5ra h\u00f6gh\u00f6jdsbanor i tallskogen ner mot Varvsholm. Kl\u00e4ttra p\u00e5 5 hinderbanor med varierande sv\u00e5righetsgrad.","breadcrumb":{"@id":"https:\/\/hogtlagt.se\/faro\/klatterparken\/klatterbanorna\/#breadcrumb"},"inLanguage":"sv-SE","potentialAction":[{"@type":"ReadAction","target":["https:\/\/hogtlagt.se\/faro\/klatterparken\/klatterbanorna\/"]}]},{"@type":"ImageObject","inLanguage":"sv-SE","@id":"https:\/\/hogtlagt.se\/faro\/klatterparken\/klatterbanorna\/#primaryimage","url":"https:\/\/hogtlagt.se\/faro\/wp-content\/uploads\/sites\/22\/2023\/10\/va\u030ara-ho\u0308gho\u0308jdsbanor-1.jpg","contentUrl":"https:\/\/hogtlagt.se\/faro\/wp-content\/uploads\/sites\/22\/2023\/10\/va\u030ara-ho\u0308gho\u0308jdsbanor-1.jpg","width":2048,"height":1365,"caption":"20200607 H\u00f6gt &amp; L\u00e5gt i Karlstad. Foto: Fredrik Karlsson\/SolstaFoto"},{"@type":"BreadcrumbList","@id":"https:\/\/hogtlagt.se\/faro\/klatterparken\/klatterbanorna\/#breadcrumb","itemListElement":[{"@type":"ListItem","position":1,"name":"Hem","item":"https:\/\/hogtlagt.se\/faro\/"},{"@type":"ListItem","position":2,"name":"Kl\u00e4tterparken p\u00e5 F\u00e5r\u00f6","item":"https:\/\/hogtlagt.se\/faro\/klatterparken\/"},{"@type":"ListItem","position":3,"name":"Kl\u00e4tterparken och v\u00e5ra h\u00f6gh\u00f6jdsbanor"}]},{"@type":"WebSite","@id":"https:\/\/hogtlagt.se\/faro\/#website","url":"https:\/\/hogtlagt.se\/faro\/","name":"H\u00f6gt &amp; L\u00e5gt Gotland - F\u00e5r\u00f6","description":"","potentialAction":[{"@type":"SearchAction","target":{"@type":"EntryPoint","urlTemplate":"https:\/\/hogtlagt.se\/faro\/?s={search_term_string}"},"query-input":{"@type":"PropertyValueSpecification","valueRequired":true,"valueName":"search_term_string"}}],"inLanguage":"sv-SE"}]}},"_links":{"self":[{"href":"https:\/\/hogtlagt.se\/faro\/wp-json\/wp\/v2\/pages\/18","targetHints":{"allow":["GET"]}}],"collection":[{"href":"https:\/\/hogtlagt.se\/faro\/wp-json\/wp\/v2\/pages"}],"about":[{"href":"https:\/\/hogtlagt.se\/faro\/wp-json\/wp\/v2\/types\/page"}],"author":[{"embeddable":true,"href":"https:\/\/hogtlagt.se\/faro\/wp-json\/wp\/v2\/users\/1"}],"replies":[{"embeddable":true,"href":"https:\/\/hogtlagt.se\/faro\/wp-json\/wp\/v2\/comments?post=18"}],"version-history":[{"count":69,"href":"https:\/\/hogtlagt.se\/faro\/wp-json\/wp\/v2\/pages\/18\/revisions"}],"predecessor-version":[{"id":2466,"href":"https:\/\/hogtlagt.se\/faro\/wp-json\/wp\/v2\/pages\/18\/revisions\/2466"}],"up":[{"embeddable":true,"href":"https:\/\/hogtlagt.se\/faro\/wp-json\/wp\/v2\/pages\/10"}],"wp:featuredmedia":[{"embeddable":true,"href":"https:\/\/hogtlagt.se\/faro\/wp-json\/wp\/v2\/media\/1816"}],"wp:attachment":[{"href":"https:\/\/hogtlagt.se\/faro\/wp-json\/wp\/v2\/media?parent=18"}],"curies":[{"name":"wp","href":"https:\/\/api.w.org\/{rel}","templated":true}]}}