{"id":14,"date":"2020-02-28T12:45:41","date_gmt":"2020-02-28T11:45:41","guid":{"rendered":"http:\/\/hogtlagt.se.hemsida.eu\/rattvik\/?page_id=14"},"modified":"2025-10-22T08:27:50","modified_gmt":"2025-10-22T06:27:50","slug":"mat-dryck","status":"publish","type":"page","link":"https:\/\/hogtlagt.se\/faro\/klatterparken\/mat-dryck\/","title":{"rendered":"Mat &amp; Dryck"},"content":{"rendered":"\n<div class=\"wp-block-cover alignfull is-light\" style=\"min-height:600px;aspect-ratio:unset;\"><img loading=\"lazy\" decoding=\"async\" width=\"2048\" height=\"1365\" class=\"wp-block-cover__image-background wp-image-1792\" alt=\"\" src=\"https:\/\/hogtlagt.se\/faro\/wp-content\/uploads\/sites\/22\/2023\/10\/Mat-och-dryck.jpg\" style=\"object-position:55% 16%\" data-object-fit=\"cover\" data-object-position=\"55% 16%\" srcset=\"https:\/\/hogtlagt.se\/faro\/wp-content\/uploads\/sites\/22\/2023\/10\/Mat-och-dryck.jpg 2048w, https:\/\/hogtlagt.se\/faro\/wp-content\/uploads\/sites\/22\/2023\/10\/Mat-och-dryck-300x200.jpg 300w, https:\/\/hogtlagt.se\/faro\/wp-content\/uploads\/sites\/22\/2023\/10\/Mat-och-dryck-1024x683.jpg 1024w, https:\/\/hogtlagt.se\/faro\/wp-content\/uploads\/sites\/22\/2023\/10\/Mat-och-dryck-768x512.jpg 768w, https:\/\/hogtlagt.se\/faro\/wp-content\/uploads\/sites\/22\/2023\/10\/Mat-och-dryck-1536x1024.jpg 1536w\" sizes=\"auto, (max-width: 2048px) 100vw, 2048px\" \/><span aria-hidden=\"true\" class=\"wp-block-cover__background has-background-dim-20 has-background-dim\"><\/span><div class=\"wp-block-cover__inner-container has-global-padding is-layout-constrained wp-block-cover-is-layout-constrained\">\n<h2 class=\"wp-block-heading has-text-align-center has-light-color has-text-color\" style=\"font-size:55px\">Tips p\u00e5 mat och dryck<\/h2>\n<\/div><\/div>\n\n\n\n<div style=\"height:100px\" aria-hidden=\"true\" class=\"wp-block-spacer\"><\/div>\n\n\n\n<div class=\"wp-block-columns is-layout-flex wp-container-core-columns-is-layout-28f84493 wp-block-columns-is-layout-flex\">\n<div class=\"wp-block-column is-layout-flow wp-block-column-is-layout-flow\">\n<figure class=\"wp-block-image size-large\"><img loading=\"lazy\" decoding=\"async\" width=\"1024\" height=\"544\" src=\"http:\/\/hogtlagt.se\/faro\/wp-content\/uploads\/sites\/22\/2020\/03\/bullar-o-kaffe-1024x544.jpg\" alt=\"\" class=\"wp-image-145\" srcset=\"https:\/\/hogtlagt.se\/faro\/wp-content\/uploads\/sites\/22\/2020\/03\/bullar-o-kaffe-1024x544.jpg 1024w, https:\/\/hogtlagt.se\/faro\/wp-content\/uploads\/sites\/22\/2020\/03\/bullar-o-kaffe-300x159.jpg 300w, https:\/\/hogtlagt.se\/faro\/wp-content\/uploads\/sites\/22\/2020\/03\/bullar-o-kaffe-768x408.jpg 768w, https:\/\/hogtlagt.se\/faro\/wp-content\/uploads\/sites\/22\/2020\/03\/bullar-o-kaffe.jpg 1280w\" sizes=\"auto, (max-width: 1024px) 100vw, 1024px\" \/><\/figure>\n<\/div>\n\n\n\n<div class=\"wp-block-column is-layout-flow wp-block-column-is-layout-flow\">\n<p>I parken finns enklare fika till f\u00f6rs\u00e4ljning s\u00e5som kall dryck, glass, korv med br\u00f6d, bars och chokladbollar.<\/p>\n\n\n\n<p>Vi har gott om bord och sittplatser i parken, s\u00e5 det g\u00e5r utm\u00e4rkt att ta med egen fika\/mat.<\/p>\n\n\n\n<p>Vill ni \u00e4ta f\u00f6re eller efter bes\u00f6ket rekommenderar vi Restaurang <a href=\"https:\/\/majkenskok.se\/\" target=\"_blank\" rel=\"noreferrer noopener\"><strong>Majkens k\u00f6k<\/strong><\/a> d\u00e4r ni kan njuta av h\u00e4rlig mat i fantastisk milj\u00f6.<\/p>\n\n\n\n<p>Vi kan \u00e4ven tipsa om fika p\u00e5 <strong>Nisses glasscaf\u00e9<\/strong>, som ligger vid poolen, p\u00e5 Sudersand Resort.<\/p>\n<\/div>\n<\/div>\n\n\n\n<div style=\"height:100px\" aria-hidden=\"true\" class=\"wp-block-spacer\"><\/div>\n","protected":false},"excerpt":{"rendered":"<p>I parken finns enklare fika till f\u00f6rs\u00e4ljning s\u00e5som kall dryck, glass, korv med br\u00f6d, bars och chokladbollar. Vi har gott om bord och sittplatser i parken, s\u00e5 det g\u00e5r utm\u00e4rkt&#8230;<\/p>\n","protected":false},"author":1,"featured_media":1821,"parent":10,"menu_order":3,"comment_status":"closed","ping_status":"closed","template":"templates\/empty.php","meta":{"_acf_changed":false,"inline_featured_image":false,"footnotes":""},"class_list":["post-14","page","type-page","status-publish","has-post-thumbnail"],"acf":[],"yoast_head":"<!-- This site is optimized with the Yoast SEO plugin v26.1.1 - https:\/\/yoast.com\/wordpress\/plugins\/seo\/ -->\n<title>Mat &amp; Dryck - H\u00f6gt &amp; L\u00e5gt Gotland - F\u00e5r\u00f6<\/title>\n<meta name=\"description\" content=\"I parken hittar du ett utbud av kioskvaror s\u00e5som kaffe och korv. Finns \u00e4ven grillplats tillg\u00e4nglig f\u00f6r den egna mats\u00e4cken!\" \/>\n<meta name=\"robots\" content=\"index, follow, max-snippet:-1, max-image-preview:large, max-video-preview:-1\" \/>\n<link rel=\"canonical\" href=\"https:\/\/hogtlagt.se\/faro\/klatterparken\/mat-dryck\/\" \/>\n<meta property=\"og:locale\" content=\"sv_SE\" \/>\n<meta property=\"og:type\" content=\"article\" \/>\n<meta property=\"og:title\" content=\"Mat &amp; Dryck - H\u00f6gt &amp; L\u00e5gt Gotland - F\u00e5r\u00f6\" \/>\n<meta property=\"og:description\" content=\"I parken hittar du ett utbud av kioskvaror s\u00e5som kaffe och korv. Finns \u00e4ven grillplats tillg\u00e4nglig f\u00f6r den egna mats\u00e4cken!\" \/>\n<meta property=\"og:url\" content=\"https:\/\/hogtlagt.se\/faro\/klatterparken\/mat-dryck\/\" \/>\n<meta property=\"og:site_name\" content=\"H\u00f6gt &amp; L\u00e5gt Gotland - F\u00e5r\u00f6\" \/>\n<meta property=\"article:modified_time\" content=\"2025-10-22T06:27:50+00:00\" \/>\n<meta property=\"og:image\" content=\"https:\/\/hogtlagt.se\/faro\/wp-content\/uploads\/sites\/22\/2023\/10\/Mat-och-dryck-1.jpg\" \/>\n\t<meta property=\"og:image:width\" content=\"2048\" \/>\n\t<meta property=\"og:image:height\" content=\"1365\" \/>\n\t<meta property=\"og:image:type\" content=\"image\/jpeg\" \/>\n<meta name=\"twitter:card\" content=\"summary_large_image\" \/>\n<meta name=\"twitter:label1\" content=\"Ber\u00e4knad l\u00e4stid\" \/>\n\t<meta name=\"twitter:data1\" content=\"1 minut\" \/>\n<script type=\"application\/ld+json\" class=\"yoast-schema-graph\">{\"@context\":\"https:\/\/schema.org\",\"@graph\":[{\"@type\":\"WebPage\",\"@id\":\"https:\/\/hogtlagt.se\/faro\/klatterparken\/mat-dryck\/\",\"url\":\"https:\/\/hogtlagt.se\/faro\/klatterparken\/mat-dryck\/\",\"name\":\"Mat &amp; Dryck - H\u00f6gt &amp; L\u00e5gt Gotland - F\u00e5r\u00f6\",\"isPartOf\":{\"@id\":\"https:\/\/hogtlagt.se\/faro\/#website\"},\"primaryImageOfPage\":{\"@id\":\"https:\/\/hogtlagt.se\/faro\/klatterparken\/mat-dryck\/#primaryimage\"},\"image\":{\"@id\":\"https:\/\/hogtlagt.se\/faro\/klatterparken\/mat-dryck\/#primaryimage\"},\"thumbnailUrl\":\"https:\/\/hogtlagt.se\/faro\/wp-content\/uploads\/sites\/22\/2023\/10\/Mat-och-dryck-1.jpg\",\"datePublished\":\"2020-02-28T11:45:41+00:00\",\"dateModified\":\"2025-10-22T06:27:50+00:00\",\"description\":\"I parken hittar du ett utbud av kioskvaror s\u00e5som kaffe och korv. Finns \u00e4ven grillplats tillg\u00e4nglig f\u00f6r den egna mats\u00e4cken!\",\"breadcrumb\":{\"@id\":\"https:\/\/hogtlagt.se\/faro\/klatterparken\/mat-dryck\/#breadcrumb\"},\"inLanguage\":\"sv-SE\",\"potentialAction\":[{\"@type\":\"ReadAction\",\"target\":[\"https:\/\/hogtlagt.se\/faro\/klatterparken\/mat-dryck\/\"]}]},{\"@type\":\"ImageObject\",\"inLanguage\":\"sv-SE\",\"@id\":\"https:\/\/hogtlagt.se\/faro\/klatterparken\/mat-dryck\/#primaryimage\",\"url\":\"https:\/\/hogtlagt.se\/faro\/wp-content\/uploads\/sites\/22\/2023\/10\/Mat-och-dryck-1.jpg\",\"contentUrl\":\"https:\/\/hogtlagt.se\/faro\/wp-content\/uploads\/sites\/22\/2023\/10\/Mat-och-dryck-1.jpg\",\"width\":2048,\"height\":1365,\"caption\":\"20200607 H\u00f6gt &amp; L\u00e5gt i Karlstad. Foto: Fredrik Karlsson\/SolstaFoto\"},{\"@type\":\"BreadcrumbList\",\"@id\":\"https:\/\/hogtlagt.se\/faro\/klatterparken\/mat-dryck\/#breadcrumb\",\"itemListElement\":[{\"@type\":\"ListItem\",\"position\":1,\"name\":\"Hem\",\"item\":\"https:\/\/hogtlagt.se\/faro\/\"},{\"@type\":\"ListItem\",\"position\":2,\"name\":\"Kl\u00e4tterparken p\u00e5 F\u00e5r\u00f6\",\"item\":\"https:\/\/hogtlagt.se\/faro\/klatterparken\/\"},{\"@type\":\"ListItem\",\"position\":3,\"name\":\"Mat &amp; Dryck\"}]},{\"@type\":\"WebSite\",\"@id\":\"https:\/\/hogtlagt.se\/faro\/#website\",\"url\":\"https:\/\/hogtlagt.se\/faro\/\",\"name\":\"H\u00f6gt &amp; L\u00e5gt Gotland - F\u00e5r\u00f6\",\"description\":\"\",\"potentialAction\":[{\"@type\":\"SearchAction\",\"target\":{\"@type\":\"EntryPoint\",\"urlTemplate\":\"https:\/\/hogtlagt.se\/faro\/?s={search_term_string}\"},\"query-input\":{\"@type\":\"PropertyValueSpecification\",\"valueRequired\":true,\"valueName\":\"search_term_string\"}}],\"inLanguage\":\"sv-SE\"}]}<\/script>\n<!-- \/ Yoast SEO plugin. -->","yoast_head_json":{"title":"Mat &amp; Dryck - H\u00f6gt &amp; L\u00e5gt Gotland - F\u00e5r\u00f6","description":"I parken hittar du ett utbud av kioskvaror s\u00e5som kaffe och korv. Finns \u00e4ven grillplats tillg\u00e4nglig f\u00f6r den egna mats\u00e4cken!","robots":{"index":"index","follow":"follow","max-snippet":"max-snippet:-1","max-image-preview":"max-image-preview:large","max-video-preview":"max-video-preview:-1"},"canonical":"https:\/\/hogtlagt.se\/faro\/klatterparken\/mat-dryck\/","og_locale":"sv_SE","og_type":"article","og_title":"Mat &amp; Dryck - H\u00f6gt &amp; L\u00e5gt Gotland - F\u00e5r\u00f6","og_description":"I parken hittar du ett utbud av kioskvaror s\u00e5som kaffe och korv. Finns \u00e4ven grillplats tillg\u00e4nglig f\u00f6r den egna mats\u00e4cken!","og_url":"https:\/\/hogtlagt.se\/faro\/klatterparken\/mat-dryck\/","og_site_name":"H\u00f6gt &amp; L\u00e5gt Gotland - F\u00e5r\u00f6","article_modified_time":"2025-10-22T06:27:50+00:00","og_image":[{"width":2048,"height":1365,"url":"https:\/\/hogtlagt.se\/faro\/wp-content\/uploads\/sites\/22\/2023\/10\/Mat-och-dryck-1.jpg","type":"image\/jpeg"}],"twitter_card":"summary_large_image","twitter_misc":{"Ber\u00e4knad l\u00e4stid":"1 minut"},"schema":{"@context":"https:\/\/schema.org","@graph":[{"@type":"WebPage","@id":"https:\/\/hogtlagt.se\/faro\/klatterparken\/mat-dryck\/","url":"https:\/\/hogtlagt.se\/faro\/klatterparken\/mat-dryck\/","name":"Mat &amp; Dryck - H\u00f6gt &amp; L\u00e5gt Gotland - F\u00e5r\u00f6","isPartOf":{"@id":"https:\/\/hogtlagt.se\/faro\/#website"},"primaryImageOfPage":{"@id":"https:\/\/hogtlagt.se\/faro\/klatterparken\/mat-dryck\/#primaryimage"},"image":{"@id":"https:\/\/hogtlagt.se\/faro\/klatterparken\/mat-dryck\/#primaryimage"},"thumbnailUrl":"https:\/\/hogtlagt.se\/faro\/wp-content\/uploads\/sites\/22\/2023\/10\/Mat-och-dryck-1.jpg","datePublished":"2020-02-28T11:45:41+00:00","dateModified":"2025-10-22T06:27:50+00:00","description":"I parken hittar du ett utbud av kioskvaror s\u00e5som kaffe och korv. Finns \u00e4ven grillplats tillg\u00e4nglig f\u00f6r den egna mats\u00e4cken!","breadcrumb":{"@id":"https:\/\/hogtlagt.se\/faro\/klatterparken\/mat-dryck\/#breadcrumb"},"inLanguage":"sv-SE","potentialAction":[{"@type":"ReadAction","target":["https:\/\/hogtlagt.se\/faro\/klatterparken\/mat-dryck\/"]}]},{"@type":"ImageObject","inLanguage":"sv-SE","@id":"https:\/\/hogtlagt.se\/faro\/klatterparken\/mat-dryck\/#primaryimage","url":"https:\/\/hogtlagt.se\/faro\/wp-content\/uploads\/sites\/22\/2023\/10\/Mat-och-dryck-1.jpg","contentUrl":"https:\/\/hogtlagt.se\/faro\/wp-content\/uploads\/sites\/22\/2023\/10\/Mat-och-dryck-1.jpg","width":2048,"height":1365,"caption":"20200607 H\u00f6gt &amp; L\u00e5gt i Karlstad. Foto: Fredrik Karlsson\/SolstaFoto"},{"@type":"BreadcrumbList","@id":"https:\/\/hogtlagt.se\/faro\/klatterparken\/mat-dryck\/#breadcrumb","itemListElement":[{"@type":"ListItem","position":1,"name":"Hem","item":"https:\/\/hogtlagt.se\/faro\/"},{"@type":"ListItem","position":2,"name":"Kl\u00e4tterparken p\u00e5 F\u00e5r\u00f6","item":"https:\/\/hogtlagt.se\/faro\/klatterparken\/"},{"@type":"ListItem","position":3,"name":"Mat &amp; Dryck"}]},{"@type":"WebSite","@id":"https:\/\/hogtlagt.se\/faro\/#website","url":"https:\/\/hogtlagt.se\/faro\/","name":"H\u00f6gt &amp; L\u00e5gt Gotland - F\u00e5r\u00f6","description":"","potentialAction":[{"@type":"SearchAction","target":{"@type":"EntryPoint","urlTemplate":"https:\/\/hogtlagt.se\/faro\/?s={search_term_string}"},"query-input":{"@type":"PropertyValueSpecification","valueRequired":true,"valueName":"search_term_string"}}],"inLanguage":"sv-SE"}]}},"_links":{"self":[{"href":"https:\/\/hogtlagt.se\/faro\/wp-json\/wp\/v2\/pages\/14","targetHints":{"allow":["GET"]}}],"collection":[{"href":"https:\/\/hogtlagt.se\/faro\/wp-json\/wp\/v2\/pages"}],"about":[{"href":"https:\/\/hogtlagt.se\/faro\/wp-json\/wp\/v2\/types\/page"}],"author":[{"embeddable":true,"href":"https:\/\/hogtlagt.se\/faro\/wp-json\/wp\/v2\/users\/1"}],"replies":[{"embeddable":true,"href":"https:\/\/hogtlagt.se\/faro\/wp-json\/wp\/v2\/comments?post=14"}],"version-history":[{"count":16,"href":"https:\/\/hogtlagt.se\/faro\/wp-json\/wp\/v2\/pages\/14\/revisions"}],"predecessor-version":[{"id":2383,"href":"https:\/\/hogtlagt.se\/faro\/wp-json\/wp\/v2\/pages\/14\/revisions\/2383"}],"up":[{"embeddable":true,"href":"https:\/\/hogtlagt.se\/faro\/wp-json\/wp\/v2\/pages\/10"}],"wp:featuredmedia":[{"embeddable":true,"href":"https:\/\/hogtlagt.se\/faro\/wp-json\/wp\/v2\/media\/1821"}],"wp:attachment":[{"href":"https:\/\/hogtlagt.se\/faro\/wp-json\/wp\/v2\/media?parent=14"}],"curies":[{"name":"wp","href":"https:\/\/api.w.org\/{rel}","templated":true}]}}