{"id":12,"date":"2020-02-28T12:45:28","date_gmt":"2020-02-28T11:45:28","guid":{"rendered":"http:\/\/hogtlagt.se.hemsida.eu\/rattvik\/?page_id=12"},"modified":"2025-10-20T12:09:54","modified_gmt":"2025-10-20T10:09:54","slug":"bilder-och-video","status":"publish","type":"page","link":"https:\/\/hogtlagt.se\/faro\/klatterparken\/bilder-och-video\/","title":{"rendered":"Bilder &#038; Video"},"content":{"rendered":"\n<div class=\"wp-block-cover alignfull\" style=\"min-height:600px;aspect-ratio:unset;\"><img loading=\"lazy\" decoding=\"async\" width=\"2560\" height=\"1707\" class=\"wp-block-cover__image-background wp-image-1790\" alt=\"\" src=\"https:\/\/hogtlagt.se\/faro\/wp-content\/uploads\/sites\/22\/2023\/10\/Bilder-och-video-scaled.jpg\" data-object-fit=\"cover\" srcset=\"https:\/\/hogtlagt.se\/faro\/wp-content\/uploads\/sites\/22\/2023\/10\/Bilder-och-video-scaled.jpg 2560w, https:\/\/hogtlagt.se\/faro\/wp-content\/uploads\/sites\/22\/2023\/10\/Bilder-och-video-300x200.jpg 300w, https:\/\/hogtlagt.se\/faro\/wp-content\/uploads\/sites\/22\/2023\/10\/Bilder-och-video-1024x683.jpg 1024w, https:\/\/hogtlagt.se\/faro\/wp-content\/uploads\/sites\/22\/2023\/10\/Bilder-och-video-768x512.jpg 768w, https:\/\/hogtlagt.se\/faro\/wp-content\/uploads\/sites\/22\/2023\/10\/Bilder-och-video-1536x1024.jpg 1536w, https:\/\/hogtlagt.se\/faro\/wp-content\/uploads\/sites\/22\/2023\/10\/Bilder-och-video-2048x1365.jpg 2048w\" sizes=\"auto, (max-width: 2560px) 100vw, 2560px\" \/><span aria-hidden=\"true\" class=\"wp-block-cover__background has-background-dim-30 has-background-dim\"><\/span><div class=\"wp-block-cover__inner-container has-global-padding is-layout-constrained wp-block-cover-is-layout-constrained\">\n<h2 class=\"wp-block-heading has-text-align-center\" style=\"font-size:55px\">Se vad som v\u00e4ntar i parken<\/h2>\n<\/div><\/div>\n\n\n\n<div style=\"height:100px\" aria-hidden=\"true\" class=\"wp-block-spacer\"><\/div>\n\n\n\n<figure class=\"wp-block-embed is-type-video is-provider-youtube wp-block-embed-youtube wp-embed-aspect-16-9 wp-has-aspect-ratio\"><div class=\"wp-block-embed__wrapper\">\n<iframe loading=\"lazy\" title=\"H\u00f6gt &amp; L\u00e5gt Kl\u00e4tterparker Sverige\" width=\"500\" height=\"281\" src=\"https:\/\/www.youtube.com\/embed\/UvGnkMotWg0?feature=oembed&#038;enablejsapi=1&#038;origin=https:\/\/hogtlagt.se\" frameborder=\"0\" allow=\"accelerometer; autoplay; clipboard-write; encrypted-media; gyroscope; picture-in-picture; web-share\" referrerpolicy=\"strict-origin-when-cross-origin\" allowfullscreen><\/iframe>\n<\/div><\/figure>\n\n\n\n<div style=\"height:100px\" aria-hidden=\"true\" class=\"wp-block-spacer\"><\/div>\n\n\n\n<figure class=\"wp-block-gallery has-nested-images columns-default is-cropped wp-block-gallery-1 is-layout-flex wp-block-gallery-is-layout-flex\">\n<figure class=\"wp-block-image size-large\"><a href=\"https:\/\/hogtlagt.se\/faro\/wp-content\/uploads\/sites\/22\/2023\/10\/boksta\u0308ver-1.jpg\"><img loading=\"lazy\" decoding=\"async\" width=\"1024\" height=\"768\" data-id=\"1860\" src=\"https:\/\/hogtlagt.se\/faro\/wp-content\/uploads\/sites\/22\/2023\/10\/boksta\u0308ver-1-1024x768.jpg\" alt=\"Tv\u00e5 kl\u00e4ttrare kl\u00e4ttrar \u00f6ver hindret &quot;H\u00f6gt och L\u00e5gt&quot; mitt p\u00e5 den l\u00e4ngsta gr\u00f6na banan\" class=\"wp-image-1860\" srcset=\"https:\/\/hogtlagt.se\/faro\/wp-content\/uploads\/sites\/22\/2023\/10\/boksta\u0308ver-1-1024x768.jpg 1024w, https:\/\/hogtlagt.se\/faro\/wp-content\/uploads\/sites\/22\/2023\/10\/boksta\u0308ver-1-300x225.jpg 300w, https:\/\/hogtlagt.se\/faro\/wp-content\/uploads\/sites\/22\/2023\/10\/boksta\u0308ver-1-768x576.jpg 768w, https:\/\/hogtlagt.se\/faro\/wp-content\/uploads\/sites\/22\/2023\/10\/boksta\u0308ver-1-1536x1152.jpg 1536w, https:\/\/hogtlagt.se\/faro\/wp-content\/uploads\/sites\/22\/2023\/10\/boksta\u0308ver-1.jpg 2022w\" sizes=\"auto, (max-width: 1024px) 100vw, 1024px\" \/><\/a><figcaption class=\"wp-element-caption\">V\u00e4lkommen till H\u00f6gt &amp; L\u00e5gt F\u00e5r\u00f6<\/figcaption><\/figure>\n\n\n\n<figure class=\"wp-block-image size-large\"><a href=\"https:\/\/hogtlagt.se\/faro\/wp-content\/uploads\/sites\/22\/2023\/10\/zipline-2.jpg\"><img loading=\"lazy\" decoding=\"async\" width=\"1024\" height=\"682\" data-id=\"1861\" src=\"https:\/\/hogtlagt.se\/faro\/wp-content\/uploads\/sites\/22\/2023\/10\/zipline-2-1024x682.jpg\" alt=\"En cool tjej \u00e5ker parkens l\u00e4ngsta zipline\" class=\"wp-image-1861\" srcset=\"https:\/\/hogtlagt.se\/faro\/wp-content\/uploads\/sites\/22\/2023\/10\/zipline-2-1024x682.jpg 1024w, https:\/\/hogtlagt.se\/faro\/wp-content\/uploads\/sites\/22\/2023\/10\/zipline-2-300x200.jpg 300w, https:\/\/hogtlagt.se\/faro\/wp-content\/uploads\/sites\/22\/2023\/10\/zipline-2-768x512.jpg 768w, https:\/\/hogtlagt.se\/faro\/wp-content\/uploads\/sites\/22\/2023\/10\/zipline-2-1536x1023.jpg 1536w, https:\/\/hogtlagt.se\/faro\/wp-content\/uploads\/sites\/22\/2023\/10\/zipline-2-2048x1364.jpg 2048w\" sizes=\"auto, (max-width: 1024px) 100vw, 1024px\" \/><\/a><figcaption class=\"wp-element-caption\">L\u00e5ng zipline<\/figcaption><\/figure>\n\n\n\n<figure class=\"wp-block-image size-large\"><a href=\"https:\/\/hogtlagt.se\/faro\/wp-content\/uploads\/sites\/22\/2023\/10\/barn.jpg\"><img loading=\"lazy\" decoding=\"async\" width=\"1024\" height=\"683\" data-id=\"1859\" src=\"https:\/\/hogtlagt.se\/faro\/wp-content\/uploads\/sites\/22\/2023\/10\/barn-1024x683.jpg\" alt=\"Ett g\u00e4ng barn st\u00e5r p\u00e5 rad och str\u00e4cker h\u00e4nderna i luften, de \u00e4r j\u00e4tteglada \u00f6ver att vara och kl\u00e4ttra i parken\" class=\"wp-image-1859\" srcset=\"https:\/\/hogtlagt.se\/faro\/wp-content\/uploads\/sites\/22\/2023\/10\/barn-1024x683.jpg 1024w, https:\/\/hogtlagt.se\/faro\/wp-content\/uploads\/sites\/22\/2023\/10\/barn-300x200.jpg 300w, https:\/\/hogtlagt.se\/faro\/wp-content\/uploads\/sites\/22\/2023\/10\/barn-768x512.jpg 768w, https:\/\/hogtlagt.se\/faro\/wp-content\/uploads\/sites\/22\/2023\/10\/barn-1536x1024.jpg 1536w, https:\/\/hogtlagt.se\/faro\/wp-content\/uploads\/sites\/22\/2023\/10\/barn.jpg 2048w\" sizes=\"auto, (max-width: 1024px) 100vw, 1024px\" \/><\/a><figcaption class=\"wp-element-caption\">Glada bes\u00f6kare<\/figcaption><\/figure>\n\n\n\n<figure class=\"wp-block-image size-large\"><a href=\"https:\/\/hogtlagt.se\/faro\/wp-content\/uploads\/sites\/22\/2023\/10\/kille-hinder-1.jpg\"><img loading=\"lazy\" decoding=\"async\" width=\"1024\" height=\"683\" data-id=\"1862\" src=\"https:\/\/hogtlagt.se\/faro\/wp-content\/uploads\/sites\/22\/2023\/10\/kille-hinder-1-1024x683.jpg\" alt=\"En man k\u00e4mpar med zipck zack stockarna p\u00e5 den bl\u00e5 banan\" class=\"wp-image-1862\" srcset=\"https:\/\/hogtlagt.se\/faro\/wp-content\/uploads\/sites\/22\/2023\/10\/kille-hinder-1-1024x683.jpg 1024w, https:\/\/hogtlagt.se\/faro\/wp-content\/uploads\/sites\/22\/2023\/10\/kille-hinder-1-300x200.jpg 300w, https:\/\/hogtlagt.se\/faro\/wp-content\/uploads\/sites\/22\/2023\/10\/kille-hinder-1-768x512.jpg 768w, https:\/\/hogtlagt.se\/faro\/wp-content\/uploads\/sites\/22\/2023\/10\/kille-hinder-1-1536x1024.jpg 1536w, https:\/\/hogtlagt.se\/faro\/wp-content\/uploads\/sites\/22\/2023\/10\/kille-hinder-1.jpg 2048w\" sizes=\"auto, (max-width: 1024px) 100vw, 1024px\" \/><\/a><figcaption class=\"wp-element-caption\">zick zack stockar<\/figcaption><\/figure>\n\n\n\n<figure class=\"wp-block-image size-large\"><a href=\"https:\/\/hogtlagt.se\/faro\/wp-content\/uploads\/sites\/22\/2023\/10\/vuxna-ga\u0308ng-1.jpg\"><img loading=\"lazy\" decoding=\"async\" width=\"1024\" height=\"683\" data-id=\"1863\" src=\"https:\/\/hogtlagt.se\/faro\/wp-content\/uploads\/sites\/22\/2023\/10\/vuxna-ga\u0308ng-1-1024x683.jpg\" alt=\"Ett kompisg\u00e4ng tar sig \u00f6ver ett vajerhinder tillsammans, de skrattar\" class=\"wp-image-1863\" srcset=\"https:\/\/hogtlagt.se\/faro\/wp-content\/uploads\/sites\/22\/2023\/10\/vuxna-ga\u0308ng-1-1024x683.jpg 1024w, https:\/\/hogtlagt.se\/faro\/wp-content\/uploads\/sites\/22\/2023\/10\/vuxna-ga\u0308ng-1-300x200.jpg 300w, https:\/\/hogtlagt.se\/faro\/wp-content\/uploads\/sites\/22\/2023\/10\/vuxna-ga\u0308ng-1-768x512.jpg 768w, https:\/\/hogtlagt.se\/faro\/wp-content\/uploads\/sites\/22\/2023\/10\/vuxna-ga\u0308ng-1-1536x1024.jpg 1536w, https:\/\/hogtlagt.se\/faro\/wp-content\/uploads\/sites\/22\/2023\/10\/vuxna-ga\u0308ng-1.jpg 2048w\" sizes=\"auto, (max-width: 1024px) 100vw, 1024px\" \/><\/a><figcaption class=\"wp-element-caption\">kompisar i bana<\/figcaption><\/figure>\n\n\n\n<figure class=\"wp-block-image size-large\"><a href=\"https:\/\/hogtlagt.se\/faro\/wp-content\/uploads\/sites\/22\/2023\/10\/kla\u0308tterva\u0308gg-1.jpg\"><img loading=\"lazy\" decoding=\"async\" width=\"1024\" height=\"682\" data-id=\"1864\" src=\"https:\/\/hogtlagt.se\/faro\/wp-content\/uploads\/sites\/22\/2023\/10\/kla\u0308tterva\u0308gg-1-1024x682.jpg\" alt=\"En tjej kl\u00e4ttrar \u00f6ver ett hinder med vertikala br\u00e4dor och kl\u00e4ttergrepp\" class=\"wp-image-1864\" srcset=\"https:\/\/hogtlagt.se\/faro\/wp-content\/uploads\/sites\/22\/2023\/10\/kla\u0308tterva\u0308gg-1-1024x682.jpg 1024w, https:\/\/hogtlagt.se\/faro\/wp-content\/uploads\/sites\/22\/2023\/10\/kla\u0308tterva\u0308gg-1-300x200.jpg 300w, https:\/\/hogtlagt.se\/faro\/wp-content\/uploads\/sites\/22\/2023\/10\/kla\u0308tterva\u0308gg-1-768x512.jpg 768w, https:\/\/hogtlagt.se\/faro\/wp-content\/uploads\/sites\/22\/2023\/10\/kla\u0308tterva\u0308gg-1-1536x1023.jpg 1536w, https:\/\/hogtlagt.se\/faro\/wp-content\/uploads\/sites\/22\/2023\/10\/kla\u0308tterva\u0308gg-1-2048x1364.jpg 2048w\" sizes=\"auto, (max-width: 1024px) 100vw, 1024px\" \/><\/a><figcaption class=\"wp-element-caption\">kl\u00e4tterv\u00e4gg<\/figcaption><\/figure>\n\n\n\n<figure class=\"wp-block-image size-large\"><a href=\"https:\/\/hogtlagt.se\/faro\/wp-content\/uploads\/sites\/22\/2023\/10\/rolling-game-1.jpg\"><img loading=\"lazy\" decoding=\"async\" width=\"1024\" height=\"682\" data-id=\"1865\" src=\"https:\/\/hogtlagt.se\/faro\/wp-content\/uploads\/sites\/22\/2023\/10\/rolling-game-1-1024x682.jpg\" alt=\"En kl\u00e4ttrare \u00e5ker p\u00e5 gungan som sitter p\u00e5 en av de gr\u00f6na banorna\" class=\"wp-image-1865\" srcset=\"https:\/\/hogtlagt.se\/faro\/wp-content\/uploads\/sites\/22\/2023\/10\/rolling-game-1-1024x682.jpg 1024w, https:\/\/hogtlagt.se\/faro\/wp-content\/uploads\/sites\/22\/2023\/10\/rolling-game-1-300x200.jpg 300w, https:\/\/hogtlagt.se\/faro\/wp-content\/uploads\/sites\/22\/2023\/10\/rolling-game-1-768x512.jpg 768w, https:\/\/hogtlagt.se\/faro\/wp-content\/uploads\/sites\/22\/2023\/10\/rolling-game-1-1536x1023.jpg 1536w, https:\/\/hogtlagt.se\/faro\/wp-content\/uploads\/sites\/22\/2023\/10\/rolling-game-1-2048x1364.jpg 2048w\" sizes=\"auto, (max-width: 1024px) 100vw, 1024px\" \/><\/a><figcaption class=\"wp-element-caption\">\u00e5k gungan<\/figcaption><\/figure>\n\n\n\n<figure class=\"wp-block-image size-large\"><a href=\"https:\/\/hogtlagt.se\/faro\/wp-content\/uploads\/sites\/22\/2023\/10\/tunnel.jpeg\"><img loading=\"lazy\" decoding=\"async\" width=\"1024\" height=\"683\" data-id=\"1868\" src=\"https:\/\/hogtlagt.se\/faro\/wp-content\/uploads\/sites\/22\/2023\/10\/tunnel-1024x683.jpeg\" alt=\"En mamma kikar fram ur en tunnel p\u00e5 sin son som st\u00e5r framf\u00f6r henne, hon \u00e4r glad\" class=\"wp-image-1868\" srcset=\"https:\/\/hogtlagt.se\/faro\/wp-content\/uploads\/sites\/22\/2023\/10\/tunnel-1024x683.jpeg 1024w, https:\/\/hogtlagt.se\/faro\/wp-content\/uploads\/sites\/22\/2023\/10\/tunnel-300x200.jpeg 300w, https:\/\/hogtlagt.se\/faro\/wp-content\/uploads\/sites\/22\/2023\/10\/tunnel-768x512.jpeg 768w, https:\/\/hogtlagt.se\/faro\/wp-content\/uploads\/sites\/22\/2023\/10\/tunnel-1536x1024.jpeg 1536w, https:\/\/hogtlagt.se\/faro\/wp-content\/uploads\/sites\/22\/2023\/10\/tunnel.jpeg 2048w\" sizes=\"auto, (max-width: 1024px) 100vw, 1024px\" \/><\/a><figcaption class=\"wp-element-caption\">kl\u00e4ttra genom tunnel<\/figcaption><\/figure>\n\n\n\n<figure class=\"wp-block-image size-large\"><a href=\"https:\/\/hogtlagt.se\/faro\/wp-content\/uploads\/sites\/22\/2023\/10\/tva\u030a-a\u0308nnu-gladare-barn.jpg\"><img loading=\"lazy\" decoding=\"async\" width=\"1024\" height=\"683\" data-id=\"1866\" src=\"https:\/\/hogtlagt.se\/faro\/wp-content\/uploads\/sites\/22\/2023\/10\/tva\u030a-a\u0308nnu-gladare-barn-1024x683.jpg\" alt=\"Tv\u00e5 kompisar st\u00e5r p\u00e5 marken och h\u00e5ller om varandra, de skrattar och \u00e4r glada \u00f6ver att ha klarat banorna \" class=\"wp-image-1866\" srcset=\"https:\/\/hogtlagt.se\/faro\/wp-content\/uploads\/sites\/22\/2023\/10\/tva\u030a-a\u0308nnu-gladare-barn-1024x683.jpg 1024w, https:\/\/hogtlagt.se\/faro\/wp-content\/uploads\/sites\/22\/2023\/10\/tva\u030a-a\u0308nnu-gladare-barn-300x200.jpg 300w, https:\/\/hogtlagt.se\/faro\/wp-content\/uploads\/sites\/22\/2023\/10\/tva\u030a-a\u0308nnu-gladare-barn-768x512.jpg 768w, https:\/\/hogtlagt.se\/faro\/wp-content\/uploads\/sites\/22\/2023\/10\/tva\u030a-a\u0308nnu-gladare-barn-1536x1024.jpg 1536w, https:\/\/hogtlagt.se\/faro\/wp-content\/uploads\/sites\/22\/2023\/10\/tva\u030a-a\u0308nnu-gladare-barn.jpg 2048w\" sizes=\"auto, (max-width: 1024px) 100vw, 1024px\" \/><\/a><figcaption class=\"wp-element-caption\">\u00e4nnu gladare bes\u00f6kare<\/figcaption><\/figure>\n<\/figure>\n\n\n\n<div style=\"height:52px\" aria-hidden=\"true\" class=\"wp-block-spacer\"><\/div>\n\n\n\n<div style=\"height:100px\" aria-hidden=\"true\" class=\"wp-block-spacer\"><\/div>\n\n\n\n<div class=\"wp-block-cover alignfull\" style=\"min-height:376px;aspect-ratio:unset;\"><img loading=\"lazy\" decoding=\"async\" width=\"2048\" height=\"1365\" class=\"wp-block-cover__image-background wp-image-1934\" alt=\"\" src=\"https:\/\/hogtlagt.se\/faro\/wp-content\/uploads\/sites\/22\/2023\/12\/Hogt-Lagt-WEBB-1235.jpg\" style=\"object-position:50% 66%\" data-object-fit=\"cover\" data-object-position=\"50% 66%\" srcset=\"https:\/\/hogtlagt.se\/faro\/wp-content\/uploads\/sites\/22\/2023\/12\/Hogt-Lagt-WEBB-1235.jpg 2048w, https:\/\/hogtlagt.se\/faro\/wp-content\/uploads\/sites\/22\/2023\/12\/Hogt-Lagt-WEBB-1235-300x200.jpg 300w, https:\/\/hogtlagt.se\/faro\/wp-content\/uploads\/sites\/22\/2023\/12\/Hogt-Lagt-WEBB-1235-1024x683.jpg 1024w, https:\/\/hogtlagt.se\/faro\/wp-content\/uploads\/sites\/22\/2023\/12\/Hogt-Lagt-WEBB-1235-768x512.jpg 768w, https:\/\/hogtlagt.se\/faro\/wp-content\/uploads\/sites\/22\/2023\/12\/Hogt-Lagt-WEBB-1235-1536x1024.jpg 1536w\" sizes=\"auto, (max-width: 2048px) 100vw, 2048px\" \/><span aria-hidden=\"true\" class=\"wp-block-cover__background has-background-dim\"><\/span><div class=\"wp-block-cover__inner-container has-global-padding is-layout-constrained wp-block-cover-is-layout-constrained\">\n<p class=\"has-text-align-center\" style=\"font-size:25px\">Allt vi g\u00f6r genomsyras av v\u00e5ra grundl\u00e4ggande v\u00e4rden&nbsp;<em>Genomarbetat, S\u00e4kert, Innovativt, Inkluderande<\/em>&nbsp;och&nbsp;<em>Utmanande.<\/em>&nbsp;Vi \u00e4r drivna, vi arbetar h\u00e5rt, vi brinner f\u00f6r varje kunds upplevelse, vi \u00e4r med och utvecklar branschen och vi har j\u00e4kligt roligt medans vi g\u00f6r det!<\/p>\n<\/div><\/div>\n","protected":false},"excerpt":{"rendered":"","protected":false},"author":1,"featured_media":1818,"parent":10,"menu_order":2,"comment_status":"closed","ping_status":"closed","template":"templates\/empty.php","meta":{"_acf_changed":false,"inline_featured_image":false,"footnotes":""},"class_list":["post-12","page","type-page","status-publish","has-post-thumbnail"],"acf":[],"yoast_head":"<!-- This site is optimized with the Yoast SEO plugin v26.1.1 - https:\/\/yoast.com\/wordpress\/plugins\/seo\/ -->\n<title>Bilder &amp; Video - H\u00f6gt &amp; L\u00e5gt Gotland - F\u00e5r\u00f6<\/title>\n<meta name=\"description\" content=\"Exempel bilder fr\u00e5n v\u00e5ra kl\u00e4tterparker i Norge, ziplines, \u00e4ventyrsbana, h\u00f6gh\u00f6jdsbana hittar du hos oss.\" \/>\n<meta name=\"robots\" content=\"index, follow, max-snippet:-1, max-image-preview:large, max-video-preview:-1\" \/>\n<link rel=\"canonical\" href=\"https:\/\/hogtlagt.se\/faro\/klatterparken\/bilder-och-video\/\" \/>\n<meta property=\"og:locale\" content=\"sv_SE\" \/>\n<meta property=\"og:type\" content=\"article\" \/>\n<meta property=\"og:title\" content=\"Bilder &amp; Video - H\u00f6gt &amp; L\u00e5gt Gotland - F\u00e5r\u00f6\" \/>\n<meta property=\"og:description\" content=\"Exempel bilder fr\u00e5n v\u00e5ra kl\u00e4tterparker i Norge, ziplines, \u00e4ventyrsbana, h\u00f6gh\u00f6jdsbana hittar du hos oss.\" \/>\n<meta property=\"og:url\" content=\"https:\/\/hogtlagt.se\/faro\/klatterparken\/bilder-och-video\/\" \/>\n<meta property=\"og:site_name\" content=\"H\u00f6gt &amp; L\u00e5gt Gotland - F\u00e5r\u00f6\" \/>\n<meta property=\"article:modified_time\" content=\"2025-10-20T10:09:54+00:00\" \/>\n<meta property=\"og:image\" content=\"https:\/\/hogtlagt.se\/faro\/wp-content\/uploads\/sites\/22\/2023\/10\/Bilder-och-video-1-scaled.jpg\" \/>\n\t<meta property=\"og:image:width\" content=\"2560\" \/>\n\t<meta property=\"og:image:height\" content=\"1707\" \/>\n\t<meta property=\"og:image:type\" content=\"image\/jpeg\" \/>\n<meta name=\"twitter:card\" content=\"summary_large_image\" \/>\n<meta name=\"twitter:label1\" content=\"Ber\u00e4knad l\u00e4stid\" \/>\n\t<meta name=\"twitter:data1\" content=\"3 minuter\" \/>\n<script type=\"application\/ld+json\" class=\"yoast-schema-graph\">{\"@context\":\"https:\/\/schema.org\",\"@graph\":[{\"@type\":\"WebPage\",\"@id\":\"https:\/\/hogtlagt.se\/faro\/klatterparken\/bilder-och-video\/\",\"url\":\"https:\/\/hogtlagt.se\/faro\/klatterparken\/bilder-och-video\/\",\"name\":\"Bilder & Video - H\u00f6gt &amp; L\u00e5gt Gotland - F\u00e5r\u00f6\",\"isPartOf\":{\"@id\":\"https:\/\/hogtlagt.se\/faro\/#website\"},\"primaryImageOfPage\":{\"@id\":\"https:\/\/hogtlagt.se\/faro\/klatterparken\/bilder-och-video\/#primaryimage\"},\"image\":{\"@id\":\"https:\/\/hogtlagt.se\/faro\/klatterparken\/bilder-och-video\/#primaryimage\"},\"thumbnailUrl\":\"https:\/\/hogtlagt.se\/faro\/wp-content\/uploads\/sites\/22\/2023\/10\/Bilder-och-video-1-scaled.jpg\",\"datePublished\":\"2020-02-28T11:45:28+00:00\",\"dateModified\":\"2025-10-20T10:09:54+00:00\",\"description\":\"Exempel bilder fr\u00e5n v\u00e5ra kl\u00e4tterparker i Norge, ziplines, \u00e4ventyrsbana, h\u00f6gh\u00f6jdsbana hittar du hos oss.\",\"breadcrumb\":{\"@id\":\"https:\/\/hogtlagt.se\/faro\/klatterparken\/bilder-och-video\/#breadcrumb\"},\"inLanguage\":\"sv-SE\",\"potentialAction\":[{\"@type\":\"ReadAction\",\"target\":[\"https:\/\/hogtlagt.se\/faro\/klatterparken\/bilder-och-video\/\"]}]},{\"@type\":\"ImageObject\",\"inLanguage\":\"sv-SE\",\"@id\":\"https:\/\/hogtlagt.se\/faro\/klatterparken\/bilder-och-video\/#primaryimage\",\"url\":\"https:\/\/hogtlagt.se\/faro\/wp-content\/uploads\/sites\/22\/2023\/10\/Bilder-och-video-1-scaled.jpg\",\"contentUrl\":\"https:\/\/hogtlagt.se\/faro\/wp-content\/uploads\/sites\/22\/2023\/10\/Bilder-och-video-1-scaled.jpg\",\"width\":2560,\"height\":1707,\"caption\":\"Instrukt\u00f6r ber\u00e4ttar om hur det g\u00e5r till att kl\u00e4ttra i parken\"},{\"@type\":\"BreadcrumbList\",\"@id\":\"https:\/\/hogtlagt.se\/faro\/klatterparken\/bilder-och-video\/#breadcrumb\",\"itemListElement\":[{\"@type\":\"ListItem\",\"position\":1,\"name\":\"Hem\",\"item\":\"https:\/\/hogtlagt.se\/faro\/\"},{\"@type\":\"ListItem\",\"position\":2,\"name\":\"Kl\u00e4tterparken p\u00e5 F\u00e5r\u00f6\",\"item\":\"https:\/\/hogtlagt.se\/faro\/klatterparken\/\"},{\"@type\":\"ListItem\",\"position\":3,\"name\":\"Bilder &#038; Video\"}]},{\"@type\":\"WebSite\",\"@id\":\"https:\/\/hogtlagt.se\/faro\/#website\",\"url\":\"https:\/\/hogtlagt.se\/faro\/\",\"name\":\"H\u00f6gt &amp; L\u00e5gt Gotland - F\u00e5r\u00f6\",\"description\":\"\",\"potentialAction\":[{\"@type\":\"SearchAction\",\"target\":{\"@type\":\"EntryPoint\",\"urlTemplate\":\"https:\/\/hogtlagt.se\/faro\/?s={search_term_string}\"},\"query-input\":{\"@type\":\"PropertyValueSpecification\",\"valueRequired\":true,\"valueName\":\"search_term_string\"}}],\"inLanguage\":\"sv-SE\"}]}<\/script>\n<!-- \/ Yoast SEO plugin. -->","yoast_head_json":{"title":"Bilder & Video - H\u00f6gt &amp; L\u00e5gt Gotland - F\u00e5r\u00f6","description":"Exempel bilder fr\u00e5n v\u00e5ra kl\u00e4tterparker i Norge, ziplines, \u00e4ventyrsbana, h\u00f6gh\u00f6jdsbana hittar du hos oss.","robots":{"index":"index","follow":"follow","max-snippet":"max-snippet:-1","max-image-preview":"max-image-preview:large","max-video-preview":"max-video-preview:-1"},"canonical":"https:\/\/hogtlagt.se\/faro\/klatterparken\/bilder-och-video\/","og_locale":"sv_SE","og_type":"article","og_title":"Bilder & Video - H\u00f6gt &amp; L\u00e5gt Gotland - F\u00e5r\u00f6","og_description":"Exempel bilder fr\u00e5n v\u00e5ra kl\u00e4tterparker i Norge, ziplines, \u00e4ventyrsbana, h\u00f6gh\u00f6jdsbana hittar du hos oss.","og_url":"https:\/\/hogtlagt.se\/faro\/klatterparken\/bilder-och-video\/","og_site_name":"H\u00f6gt &amp; L\u00e5gt Gotland - F\u00e5r\u00f6","article_modified_time":"2025-10-20T10:09:54+00:00","og_image":[{"width":2560,"height":1707,"url":"https:\/\/hogtlagt.se\/faro\/wp-content\/uploads\/sites\/22\/2023\/10\/Bilder-och-video-1-scaled.jpg","type":"image\/jpeg"}],"twitter_card":"summary_large_image","twitter_misc":{"Ber\u00e4knad l\u00e4stid":"3 minuter"},"schema":{"@context":"https:\/\/schema.org","@graph":[{"@type":"WebPage","@id":"https:\/\/hogtlagt.se\/faro\/klatterparken\/bilder-och-video\/","url":"https:\/\/hogtlagt.se\/faro\/klatterparken\/bilder-och-video\/","name":"Bilder & Video - H\u00f6gt &amp; L\u00e5gt Gotland - F\u00e5r\u00f6","isPartOf":{"@id":"https:\/\/hogtlagt.se\/faro\/#website"},"primaryImageOfPage":{"@id":"https:\/\/hogtlagt.se\/faro\/klatterparken\/bilder-och-video\/#primaryimage"},"image":{"@id":"https:\/\/hogtlagt.se\/faro\/klatterparken\/bilder-och-video\/#primaryimage"},"thumbnailUrl":"https:\/\/hogtlagt.se\/faro\/wp-content\/uploads\/sites\/22\/2023\/10\/Bilder-och-video-1-scaled.jpg","datePublished":"2020-02-28T11:45:28+00:00","dateModified":"2025-10-20T10:09:54+00:00","description":"Exempel bilder fr\u00e5n v\u00e5ra kl\u00e4tterparker i Norge, ziplines, \u00e4ventyrsbana, h\u00f6gh\u00f6jdsbana hittar du hos oss.","breadcrumb":{"@id":"https:\/\/hogtlagt.se\/faro\/klatterparken\/bilder-och-video\/#breadcrumb"},"inLanguage":"sv-SE","potentialAction":[{"@type":"ReadAction","target":["https:\/\/hogtlagt.se\/faro\/klatterparken\/bilder-och-video\/"]}]},{"@type":"ImageObject","inLanguage":"sv-SE","@id":"https:\/\/hogtlagt.se\/faro\/klatterparken\/bilder-och-video\/#primaryimage","url":"https:\/\/hogtlagt.se\/faro\/wp-content\/uploads\/sites\/22\/2023\/10\/Bilder-och-video-1-scaled.jpg","contentUrl":"https:\/\/hogtlagt.se\/faro\/wp-content\/uploads\/sites\/22\/2023\/10\/Bilder-och-video-1-scaled.jpg","width":2560,"height":1707,"caption":"Instrukt\u00f6r ber\u00e4ttar om hur det g\u00e5r till att kl\u00e4ttra i parken"},{"@type":"BreadcrumbList","@id":"https:\/\/hogtlagt.se\/faro\/klatterparken\/bilder-och-video\/#breadcrumb","itemListElement":[{"@type":"ListItem","position":1,"name":"Hem","item":"https:\/\/hogtlagt.se\/faro\/"},{"@type":"ListItem","position":2,"name":"Kl\u00e4tterparken p\u00e5 F\u00e5r\u00f6","item":"https:\/\/hogtlagt.se\/faro\/klatterparken\/"},{"@type":"ListItem","position":3,"name":"Bilder &#038; Video"}]},{"@type":"WebSite","@id":"https:\/\/hogtlagt.se\/faro\/#website","url":"https:\/\/hogtlagt.se\/faro\/","name":"H\u00f6gt &amp; L\u00e5gt Gotland - F\u00e5r\u00f6","description":"","potentialAction":[{"@type":"SearchAction","target":{"@type":"EntryPoint","urlTemplate":"https:\/\/hogtlagt.se\/faro\/?s={search_term_string}"},"query-input":{"@type":"PropertyValueSpecification","valueRequired":true,"valueName":"search_term_string"}}],"inLanguage":"sv-SE"}]}},"_links":{"self":[{"href":"https:\/\/hogtlagt.se\/faro\/wp-json\/wp\/v2\/pages\/12","targetHints":{"allow":["GET"]}}],"collection":[{"href":"https:\/\/hogtlagt.se\/faro\/wp-json\/wp\/v2\/pages"}],"about":[{"href":"https:\/\/hogtlagt.se\/faro\/wp-json\/wp\/v2\/types\/page"}],"author":[{"embeddable":true,"href":"https:\/\/hogtlagt.se\/faro\/wp-json\/wp\/v2\/users\/1"}],"replies":[{"embeddable":true,"href":"https:\/\/hogtlagt.se\/faro\/wp-json\/wp\/v2\/comments?post=12"}],"version-history":[{"count":18,"href":"https:\/\/hogtlagt.se\/faro\/wp-json\/wp\/v2\/pages\/12\/revisions"}],"predecessor-version":[{"id":2296,"href":"https:\/\/hogtlagt.se\/faro\/wp-json\/wp\/v2\/pages\/12\/revisions\/2296"}],"up":[{"embeddable":true,"href":"https:\/\/hogtlagt.se\/faro\/wp-json\/wp\/v2\/pages\/10"}],"wp:featuredmedia":[{"embeddable":true,"href":"https:\/\/hogtlagt.se\/faro\/wp-json\/wp\/v2\/media\/1818"}],"wp:attachment":[{"href":"https:\/\/hogtlagt.se\/faro\/wp-json\/wp\/v2\/media?parent=12"}],"curies":[{"name":"wp","href":"https:\/\/api.w.org\/{rel}","templated":true}]}}